{"id":328,"date":"2020-03-18T22:35:27","date_gmt":"2020-03-18T22:35:27","guid":{"rendered":"https:\/\/salkantayexpeditions.com\/?page_id=328"},"modified":"2025-02-20T12:24:58","modified_gmt":"2025-02-20T12:24:58","slug":"camino-salkantay","status":"publish","type":"page","link":"https:\/\/salkantayexpeditions.com\/es\/","title":{"rendered":"Inicio"},"content":{"rendered":"\n<h1 class=\"wp-block-heading has-text-align-center has-large-font-size\" style=\"text-transform:capitalize\"><mark style=\"background-color:rgba(0, 0, 0, 0);color:#1e6f92\" class=\"has-inline-color\">Bienvenido a los Andes, Explora Salkantay con el Mejor Equipo<\/mark><br><mark style=\"background-color:rgba(0, 0, 0, 0)\" class=\"has-inline-color has-luminous-vivid-orange-color\">Especialistas en Viajes de Aventura<\/mark><\/h1>\n\n\n\n<p class=\"has-text-align-center\"><strong>Camino Salkantay<\/strong> : Somos Operadores Certificados y Oficiales en la Ciudad del <strong><a href=\"https:\/\/web.cusco.gob.pe\/\">Cusco<\/a><\/strong>, y especialistas en viajes de aventura en toda la regi\u00f3n, por su gran diversidad de paisajes monta\u00f1osos, organizamos viajes personalizados e inspiradores para usted. as\u00ed mismo contamos con gu\u00edas profesionales, amantes de la aventura y altamente certificados para esta labor. Usted podr\u00e1 disfrutar del <strong>Camino Salkantay <\/strong>con Nosotros.<\/p>\n\n\n\n<p class=\"has-text-align-center\">Nuestros programas se enfocan en la maravilla del mundo (<strong><a href=\"https:\/\/salkantayexpeditions.com\/es\/machu-picchu-en-tren-full-day\/\">Machu Picchu<\/a><\/strong>). Tambi\u00e9n ofrecemos viajes a otras regiones del Per\u00fa. Estamos entre los pa\u00edses m\u00e1s diversos del planeta y estamos dispuestos a mostrarle cada rinc\u00f3n y lugar de este hermoso pa\u00eds. Somos herederos de una maravillosa cultura. Nuestros objetivos de trabajo incluyen apoyar a la poblaci\u00f3n local y ser parte de su desarrollo social y cultural. Nuestra empresa, Salkantay Expeditions, est\u00e1 comprometida en brindar un servicio acorde a los est\u00e1ndares mundiales del turismo. Amigo turista, aventurero, caminante, lo invitamos a ser parte de esta Aventura en los Andes.<\/p>\n\n\n<figure class=\"wp-block-image aligncenter size-large is-resized\"><img loading=\"lazy\" decoding=\"async\" width=\"1024\" height=\"210\" class=\"wp-image-5676\" style=\"width: 789px; height: 162px;\" src=\"https:\/\/salkantayexpeditions.com\/wp-content\/uploads\/2022\/02\/salkantayface-1-1024x210.jpg\" alt=\"\" srcset=\"https:\/\/salkantayexpeditions.com\/wp-content\/uploads\/2022\/02\/salkantayface-1-1024x210.jpg 1024w, https:\/\/salkantayexpeditions.com\/wp-content\/uploads\/2022\/02\/salkantayface-1-300x62.jpg 300w, https:\/\/salkantayexpeditions.com\/wp-content\/uploads\/2022\/02\/salkantayface-1-768x158.jpg 768w, https:\/\/salkantayexpeditions.com\/wp-content\/uploads\/2022\/02\/salkantayface-1-1536x315.jpg 1536w, https:\/\/salkantayexpeditions.com\/wp-content\/uploads\/2022\/02\/salkantayface-1-2048x420.jpg 2048w, https:\/\/salkantayexpeditions.com\/wp-content\/uploads\/2022\/02\/salkantayface-1-418x86.jpg 418w, https:\/\/salkantayexpeditions.com\/wp-content\/uploads\/2022\/02\/salkantayface-1-730x150.jpg 730w\" sizes=\"auto, (max-width: 1024px) 100vw, 1024px\" \/><\/figure>","protected":false},"excerpt":{"rendered":"<p>Bienvenido a los Andes, Explora Salkantay con el Mejor EquipoEspecialistas en Viajes de Aventura Camino Salkantay : Somos Operadores Certificados y Oficiales en la Ciudad del Cusco, y especialistas en viajes de aventura en toda la regi\u00f3n, por su gran diversidad de paisajes monta\u00f1osos, organizamos viajes personalizados e inspiradores para usted. as\u00ed mismo contamos con [&hellip;]<\/p>\n","protected":false},"author":1,"featured_media":7162,"parent":0,"menu_order":0,"comment_status":"closed","ping_status":"closed","template":"","meta":{"_acf_changed":false,"advgb_blocks_editor_width":"","advgb_blocks_columns_visual_guide":"","footnotes":""},"class_list":["post-328","page","type-page","status-publish","has-post-thumbnail","hentry"],"acf":[],"yoast_head":"<!-- This site is optimized with the Yoast SEO plugin v27.4 - https:\/\/yoast.com\/product\/yoast-seo-wordpress\/ -->\n<title>Camino Salkantay | Senderismo a Machu Picchu | Trek Alternativo<\/title>\n<meta name=\"description\" content=\"Camino Salkantay. Somos Operadores Oficiales y Certificados en Cusco, Especialistas en Viajes de Aventura, Servicio Personalizado\" \/>\n<meta name=\"robots\" content=\"index, follow, max-snippet:-1, max-image-preview:large, max-video-preview:-1\" \/>\n<link rel=\"canonical\" href=\"https:\/\/salkantayexpeditions.com\/camino-salkantay\/\" \/>\n<meta property=\"og:locale\" content=\"es_ES\" \/>\n<meta property=\"og:type\" content=\"article\" \/>\n<meta property=\"og:title\" content=\"Camino Salkantay | Senderismo a Machu Picchu | Trek Alternativo\" \/>\n<meta property=\"og:description\" content=\"Camino Salkantay. Somos Operadores Oficiales y Certificados en Cusco, Especialistas en Viajes de Aventura, Servicio Personalizado\" \/>\n<meta property=\"og:url\" content=\"https:\/\/salkantayexpeditions.com\/camino-salkantay\/\" \/>\n<meta property=\"og:site_name\" content=\"Salkantay Expeditions\" \/>\n<meta property=\"article:publisher\" content=\"https:\/\/www.facebook.com\/profile.php?id=61576288937850\" \/>\n<meta property=\"article:modified_time\" content=\"2025-02-20T12:24:58+00:00\" \/>\n<meta property=\"og:image\" content=\"https:\/\/salkantayexpeditions.com\/wp-content\/uploads\/2024\/11\/salkantay-trek-cusco22.jpg\" \/>\n\t<meta property=\"og:image:width\" content=\"1800\" \/>\n\t<meta property=\"og:image:height\" content=\"800\" \/>\n\t<meta property=\"og:image:type\" content=\"image\/jpeg\" \/>\n<meta name=\"twitter:card\" content=\"summary_large_image\" \/>\n<meta name=\"twitter:label1\" content=\"Tiempo de lectura\" \/>\n\t<meta name=\"twitter:data1\" content=\"2 minutos\" \/>\n<script type=\"application\/ld+json\" class=\"yoast-schema-graph\">{\"@context\":\"https:\\\/\\\/schema.org\",\"@graph\":[{\"@type\":\"WebPage\",\"@id\":\"https:\\\/\\\/salkantayexpeditions.com\\\/camino-salkantay\\\/\",\"url\":\"https:\\\/\\\/salkantayexpeditions.com\\\/camino-salkantay\\\/\",\"name\":\"Camino Salkantay | Senderismo a Machu Picchu | Trek Alternativo\",\"isPartOf\":{\"@id\":\"https:\\\/\\\/salkantayexpeditions.com\\\/#website\"},\"primaryImageOfPage\":{\"@id\":\"https:\\\/\\\/salkantayexpeditions.com\\\/camino-salkantay\\\/#primaryimage\"},\"image\":{\"@id\":\"https:\\\/\\\/salkantayexpeditions.com\\\/camino-salkantay\\\/#primaryimage\"},\"thumbnailUrl\":\"https:\\\/\\\/salkantayexpeditions.com\\\/wp-content\\\/uploads\\\/2024\\\/11\\\/salkantay-trek-cusco22.jpg\",\"datePublished\":\"2020-03-18T22:35:27+00:00\",\"dateModified\":\"2025-02-20T12:24:58+00:00\",\"description\":\"Camino Salkantay. Somos Operadores Oficiales y Certificados en Cusco, Especialistas en Viajes de Aventura, Servicio Personalizado\",\"breadcrumb\":{\"@id\":\"https:\\\/\\\/salkantayexpeditions.com\\\/camino-salkantay\\\/#breadcrumb\"},\"inLanguage\":\"es\",\"potentialAction\":[{\"@type\":\"ReadAction\",\"target\":[\"https:\\\/\\\/salkantayexpeditions.com\\\/camino-salkantay\\\/\"]}]},{\"@type\":\"ImageObject\",\"inLanguage\":\"es\",\"@id\":\"https:\\\/\\\/salkantayexpeditions.com\\\/camino-salkantay\\\/#primaryimage\",\"url\":\"https:\\\/\\\/salkantayexpeditions.com\\\/wp-content\\\/uploads\\\/2024\\\/11\\\/salkantay-trek-cusco22.jpg\",\"contentUrl\":\"https:\\\/\\\/salkantayexpeditions.com\\\/wp-content\\\/uploads\\\/2024\\\/11\\\/salkantay-trek-cusco22.jpg\",\"width\":1800,\"height\":800,\"caption\":\"Salkantay-Trek-to-Machu-Picchu\"},{\"@type\":\"BreadcrumbList\",\"@id\":\"https:\\\/\\\/salkantayexpeditions.com\\\/camino-salkantay\\\/#breadcrumb\",\"itemListElement\":[{\"@type\":\"ListItem\",\"position\":1,\"name\":\"\",\"item\":\"https:\\\/\\\/salkantayexpeditions.com\\\/camino-salkantay\\\/\"},{\"@type\":\"ListItem\",\"position\":2,\"name\":\"Inicio\"}]},{\"@type\":\"WebSite\",\"@id\":\"https:\\\/\\\/salkantayexpeditions.com\\\/#website\",\"url\":\"https:\\\/\\\/salkantayexpeditions.com\\\/\",\"name\":\"Salkantay Expeditions\",\"description\":\"\",\"publisher\":{\"@id\":\"https:\\\/\\\/salkantayexpeditions.com\\\/#organization\"},\"potentialAction\":[{\"@type\":\"SearchAction\",\"target\":{\"@type\":\"EntryPoint\",\"urlTemplate\":\"https:\\\/\\\/salkantayexpeditions.com\\\/?s={search_term_string}\"},\"query-input\":{\"@type\":\"PropertyValueSpecification\",\"valueRequired\":true,\"valueName\":\"search_term_string\"}}],\"inLanguage\":\"es\"},{\"@type\":\"Organization\",\"@id\":\"https:\\\/\\\/salkantayexpeditions.com\\\/#organization\",\"name\":\"Salkantay Expeditions\",\"url\":\"https:\\\/\\\/salkantayexpeditions.com\\\/\",\"logo\":{\"@type\":\"ImageObject\",\"inLanguage\":\"es\",\"@id\":\"https:\\\/\\\/salkantayexpeditions.com\\\/#\\\/schema\\\/logo\\\/image\\\/\",\"url\":\"https:\\\/\\\/salkantayexpeditions.com\\\/wp-content\\\/uploads\\\/2020\\\/03\\\/logo.png\",\"contentUrl\":\"https:\\\/\\\/salkantayexpeditions.com\\\/wp-content\\\/uploads\\\/2020\\\/03\\\/logo.png\",\"width\":1221,\"height\":676,\"caption\":\"Salkantay Expeditions\"},\"image\":{\"@id\":\"https:\\\/\\\/salkantayexpeditions.com\\\/#\\\/schema\\\/logo\\\/image\\\/\"},\"sameAs\":[\"https:\\\/\\\/www.facebook.com\\\/profile.php?id=61576288937850\"]}]}<\/script>\n<!-- \/ Yoast SEO plugin. -->","yoast_head_json":{"title":"Camino Salkantay | Senderismo a Machu Picchu | Trek Alternativo","description":"Camino Salkantay. Somos Operadores Oficiales y Certificados en Cusco, Especialistas en Viajes de Aventura, Servicio Personalizado","robots":{"index":"index","follow":"follow","max-snippet":"max-snippet:-1","max-image-preview":"max-image-preview:large","max-video-preview":"max-video-preview:-1"},"canonical":"https:\/\/salkantayexpeditions.com\/camino-salkantay\/","og_locale":"es_ES","og_type":"article","og_title":"Camino Salkantay | Senderismo a Machu Picchu | Trek Alternativo","og_description":"Camino Salkantay. Somos Operadores Oficiales y Certificados en Cusco, Especialistas en Viajes de Aventura, Servicio Personalizado","og_url":"https:\/\/salkantayexpeditions.com\/camino-salkantay\/","og_site_name":"Salkantay Expeditions","article_publisher":"https:\/\/www.facebook.com\/profile.php?id=61576288937850","article_modified_time":"2025-02-20T12:24:58+00:00","og_image":[{"width":1800,"height":800,"url":"https:\/\/salkantayexpeditions.com\/wp-content\/uploads\/2024\/11\/salkantay-trek-cusco22.jpg","type":"image\/jpeg"}],"twitter_card":"summary_large_image","twitter_misc":{"Tiempo de lectura":"2 minutos"},"schema":{"@context":"https:\/\/schema.org","@graph":[{"@type":"WebPage","@id":"https:\/\/salkantayexpeditions.com\/camino-salkantay\/","url":"https:\/\/salkantayexpeditions.com\/camino-salkantay\/","name":"Camino Salkantay | Senderismo a Machu Picchu | Trek Alternativo","isPartOf":{"@id":"https:\/\/salkantayexpeditions.com\/#website"},"primaryImageOfPage":{"@id":"https:\/\/salkantayexpeditions.com\/camino-salkantay\/#primaryimage"},"image":{"@id":"https:\/\/salkantayexpeditions.com\/camino-salkantay\/#primaryimage"},"thumbnailUrl":"https:\/\/salkantayexpeditions.com\/wp-content\/uploads\/2024\/11\/salkantay-trek-cusco22.jpg","datePublished":"2020-03-18T22:35:27+00:00","dateModified":"2025-02-20T12:24:58+00:00","description":"Camino Salkantay. Somos Operadores Oficiales y Certificados en Cusco, Especialistas en Viajes de Aventura, Servicio Personalizado","breadcrumb":{"@id":"https:\/\/salkantayexpeditions.com\/camino-salkantay\/#breadcrumb"},"inLanguage":"es","potentialAction":[{"@type":"ReadAction","target":["https:\/\/salkantayexpeditions.com\/camino-salkantay\/"]}]},{"@type":"ImageObject","inLanguage":"es","@id":"https:\/\/salkantayexpeditions.com\/camino-salkantay\/#primaryimage","url":"https:\/\/salkantayexpeditions.com\/wp-content\/uploads\/2024\/11\/salkantay-trek-cusco22.jpg","contentUrl":"https:\/\/salkantayexpeditions.com\/wp-content\/uploads\/2024\/11\/salkantay-trek-cusco22.jpg","width":1800,"height":800,"caption":"Salkantay-Trek-to-Machu-Picchu"},{"@type":"BreadcrumbList","@id":"https:\/\/salkantayexpeditions.com\/camino-salkantay\/#breadcrumb","itemListElement":[{"@type":"ListItem","position":1,"name":"","item":"https:\/\/salkantayexpeditions.com\/camino-salkantay\/"},{"@type":"ListItem","position":2,"name":"Inicio"}]},{"@type":"WebSite","@id":"https:\/\/salkantayexpeditions.com\/#website","url":"https:\/\/salkantayexpeditions.com\/","name":"Salkantay Expeditions","description":"","publisher":{"@id":"https:\/\/salkantayexpeditions.com\/#organization"},"potentialAction":[{"@type":"SearchAction","target":{"@type":"EntryPoint","urlTemplate":"https:\/\/salkantayexpeditions.com\/?s={search_term_string}"},"query-input":{"@type":"PropertyValueSpecification","valueRequired":true,"valueName":"search_term_string"}}],"inLanguage":"es"},{"@type":"Organization","@id":"https:\/\/salkantayexpeditions.com\/#organization","name":"Salkantay Expeditions","url":"https:\/\/salkantayexpeditions.com\/","logo":{"@type":"ImageObject","inLanguage":"es","@id":"https:\/\/salkantayexpeditions.com\/#\/schema\/logo\/image\/","url":"https:\/\/salkantayexpeditions.com\/wp-content\/uploads\/2020\/03\/logo.png","contentUrl":"https:\/\/salkantayexpeditions.com\/wp-content\/uploads\/2020\/03\/logo.png","width":1221,"height":676,"caption":"Salkantay Expeditions"},"image":{"@id":"https:\/\/salkantayexpeditions.com\/#\/schema\/logo\/image\/"},"sameAs":["https:\/\/www.facebook.com\/profile.php?id=61576288937850"]}]}},"coauthors":[],"author_meta":{"author_link":"https:\/\/salkantayexpeditions.com\/es\/author\/041495e408952029bab104ac313e7217\/","display_name":"salkantayexp"},"relative_dates":{"created":"Publicado 6 a\u00f1os hace","modified":"Actualizado 1 a\u00f1o hace"},"absolute_dates":{"created":"Publicado el 18 de marzo de 2020","modified":"Actualizado el 20 de febrero de 2025"},"absolute_dates_time":{"created":"Publicado el 18 de marzo de 2020 22:35","modified":"Actualizado el 20 de febrero de 2025 12:24"},"featured_img_caption":"","featured_img":"https:\/\/salkantayexpeditions.com\/wp-content\/uploads\/2024\/11\/salkantay-trek-cusco22.jpg","series_order":"","_links":{"self":[{"href":"https:\/\/salkantayexpeditions.com\/es\/wp-json\/wp\/v2\/pages\/328","targetHints":{"allow":["GET"]}}],"collection":[{"href":"https:\/\/salkantayexpeditions.com\/es\/wp-json\/wp\/v2\/pages"}],"about":[{"href":"https:\/\/salkantayexpeditions.com\/es\/wp-json\/wp\/v2\/types\/page"}],"author":[{"embeddable":true,"href":"https:\/\/salkantayexpeditions.com\/es\/wp-json\/wp\/v2\/users\/1"}],"replies":[{"embeddable":true,"href":"https:\/\/salkantayexpeditions.com\/es\/wp-json\/wp\/v2\/comments?post=328"}],"version-history":[{"count":210,"href":"https:\/\/salkantayexpeditions.com\/es\/wp-json\/wp\/v2\/pages\/328\/revisions"}],"predecessor-version":[{"id":7651,"href":"https:\/\/salkantayexpeditions.com\/es\/wp-json\/wp\/v2\/pages\/328\/revisions\/7651"}],"wp:featuredmedia":[{"embeddable":true,"href":"https:\/\/salkantayexpeditions.com\/es\/wp-json\/wp\/v2\/media\/7162"}],"wp:attachment":[{"href":"https:\/\/salkantayexpeditions.com\/es\/wp-json\/wp\/v2\/media?parent=328"}],"curies":[{"name":"wp","href":"https:\/\/api.w.org\/{rel}","templated":true}]}}