{"id":3375,"date":"2020-03-24T23:02:15","date_gmt":"2020-03-24T23:02:15","guid":{"rendered":"https:\/\/salkantayexpeditions.com\/?page_id=3375"},"modified":"2022-03-18T17:54:52","modified_gmt":"2022-03-18T17:54:52","slug":"contactos","status":"publish","type":"page","link":"https:\/\/salkantayexpeditions.com\/es\/contactos\/","title":{"rendered":"Contactos"},"content":{"rendered":"\n<p><span style=\"color:#0693e3\" class=\"tadv-color\"><strong>Salkantay Expeditions<\/strong><\/span>, es una empresa peruana y un operador local directo de Treks, con sede en Cusco. Si tiene alguna pregunta acerca de nuestros programas de Salkantay, recorridos cl\u00e1sicos o recorridos alternativos, estamos encantados en poder ayudarlos<br> estamos disponibles en:<br> \u2022 Whatsapp: +51 984387050 &#8211; Ll\u00e1menos en cualquier momento.<br> \u2022 Direcci\u00f3n de la oficina: (Cusco &#8211; Per\u00fa)<br> \u2022 Nuestro tel\u00e9fono de oficina: +51 84 597961, \/\/ +51 984387050<br> +51 984739250 (espa\u00f1ol) (disponible las 24 horas del d\u00eda).<\/p>\n\n\n\n<p><br> Puede estar seguro de que estaremos a su disposici\u00f3n las 24 horas del d\u00eda, llamando directamente a nuestros n\u00fameros o solicite m\u00e1s informaci\u00f3n a nuestros correos (dependiendo de la diferencia horaria). Si por alguna raz\u00f3n no recibe ninguna respuesta dentro de las 24 horas, revise su correo no deseado ya que los motores de b\u00fasqueda como Google han experimentado algunos problemas. Puede usar nuestra direcci\u00f3n de correo electr\u00f3nico: <\/p>\n\n\n\n<p class=\"has-text-align-center\"><span style=\"color:#257fb3\" class=\"tadv-color\"><strong>salkantayexpeditions@gmail.com \/ info@salkantayexpeditions.com<\/strong><\/span><\/p>\n\n\n\n<p>Esperamos poder responder sus preguntas, y ayudarlos para su viaje a Per\u00fa &#8211; Cusco<br> Nota: Si desea reservar una caminata, busque en el men\u00fa principal ah\u00ed tenemos las alternativas, haga clic en reservar, usted estar\u00e1 asegurando su viaje con nosotros<br> \u00a1Estamos aqu\u00ed para usted todo el d\u00eda, todos los d\u00edas!<br> Somos una empresa dedicada a nuestros clientes, por eso estamos disponibles las 24 horas del d\u00eda y los 7 d\u00edas de la semana, porque queremos ayudarlo a organizar su viaje con todos los detalles necesarios, y mejor asesoramiento de Salkantay Expeditions, se da cuenta de que pueden surgir preguntas En cualquier lugar o momento. Nuestro equipo de reservas est\u00e1 disponible para ayudarlo.<\/p>\n\n\n\n<p class=\"has-text-align-center\"><br \/><strong><span style=\"color: #008080;\">\u00a1Estamos aqu\u00ed para usted todo el d\u00eda, todos los d\u00edas!<\/span><\/strong><\/p>\n<p style=\"text-align: center;\"><span style=\"color: #008080;\"><strong> Correo electr\u00f3nico: salkantayexpeditions@gmail.com info@salkantayexpeditions.com<br data-rich-text-line-break=\"true\" \/>Disponible las 24 horas.<\/strong><\/span><\/p>\n<p style=\"text-align: center;\"><span style=\"color: #ff6600; font-size: 21px;\"><strong>Especialistas Caminatas de Salkantay\u00a0 &amp; Tours de Aventura<\/strong><\/span><\/p>\n\n\n\n<div class=\"wpcf7 no-js\" id=\"wpcf7-f371-o1\" lang=\"en-US\" dir=\"ltr\" data-wpcf7-id=\"371\">\n<div class=\"screen-reader-response\"><p role=\"status\" aria-live=\"polite\" aria-atomic=\"true\"><\/p> <ul><\/ul><\/div>\n<form action=\"\/es\/wp-json\/wp\/v2\/pages\/3375#wpcf7-f371-o1\" method=\"post\" class=\"wpcf7-form init\" aria-label=\"Contact form\" novalidate=\"novalidate\" data-status=\"init\">\n<fieldset class=\"hidden-fields-container\"><input type=\"hidden\" name=\"_wpcf7\" value=\"371\" \/><input type=\"hidden\" name=\"_wpcf7_version\" value=\"6.1.5\" \/><input type=\"hidden\" name=\"_wpcf7_locale\" value=\"en_US\" \/><input type=\"hidden\" name=\"_wpcf7_unit_tag\" value=\"wpcf7-f371-o1\" \/><input type=\"hidden\" name=\"_wpcf7_container_post\" value=\"0\" \/><input type=\"hidden\" name=\"_wpcf7_posted_data_hash\" value=\"\" \/><input type=\"hidden\" name=\"_wpcf7_recaptcha_response\" value=\"\" \/>\n<\/fieldset>\n<div class=\"form-salkantay \">\n        <h3>Reservar Ahora <\/h3>\n        <label > Nombre (required): *:<\/label>\n        <span class=\"wpcf7-form-control-wrap\" data-name=\"names\"><input size=\"40\" maxlength=\"400\" class=\"wpcf7-form-control wpcf7-text wpcf7-validates-as-required\" aria-required=\"true\" aria-invalid=\"false\" value=\"\" type=\"text\" name=\"names\" \/><\/span>\n\n        <label >Email : *:<\/label>\n        <span class=\"wpcf7-form-control-wrap\" data-name=\"emails\"><input size=\"40\" maxlength=\"400\" class=\"wpcf7-form-control wpcf7-email wpcf7-validates-as-required wpcf7-text wpcf7-validates-as-email\" aria-required=\"true\" aria-invalid=\"false\" value=\"\" type=\"email\" name=\"emails\" \/><\/span>\n\n        <label >Telefono :<\/label>\n        <span class=\"wpcf7-form-control-wrap\" data-name=\"phones\"><input size=\"40\" maxlength=\"400\" class=\"wpcf7-form-control wpcf7-text wpcf7-validates-as-required\" aria-required=\"true\" aria-invalid=\"false\" value=\"\" type=\"text\" name=\"phones\" \/><\/span>\n\n        <label >Pais:<\/label>\n        <span class=\"wpcf7-form-control-wrap\" data-name=\"country\"><input size=\"40\" maxlength=\"400\" class=\"wpcf7-form-control wpcf7-text wpcf7-validates-as-required\" aria-required=\"true\" aria-invalid=\"false\" value=\"\" type=\"text\" name=\"country\" \/><\/span>\n        <label > Paxs: <\/label>\n         <span class=\"wpcf7-form-control-wrap\" data-name=\"paxs\"><select class=\"wpcf7-form-control wpcf7-select\" aria-invalid=\"false\" name=\"paxs\"><option value=\"1\">1<\/option><option value=\"2\">2<\/option><option value=\"3\">3<\/option><option value=\"4\">4<\/option><option value=\"5\">5<\/option><option value=\"6\">6<\/option><option value=\"7\">7<\/option><option value=\"8\">8<\/option><option value=\"9\">9<\/option><option value=\"10\">10<\/option><\/select><\/span>\n\n        <label class=\"block mb-1 font-oswald text-gray-800\"> Mensaje: <\/label>\n        <span class=\"wpcf7-form-control-wrap\" data-name=\"Message\"><textarea cols=\"40\" rows=\"10\" maxlength=\"2000\" class=\"wpcf7-form-control wpcf7-textarea\" aria-invalid=\"false\" name=\"Message\"><\/textarea><\/span>\n\n        <input class=\"wpcf7-form-control wpcf7-submit has-spinner send-salkantay\" type=\"submit\" value=\"Enviar Mensaje\" \/>\n\n    <\/div><div class=\"wpcf7-response-output\" aria-hidden=\"true\"><\/div>\n<\/form>\n<\/div>\n\n","protected":false},"excerpt":{"rendered":"<p>Salkantay Expeditions, es una empresa peruana y un operador local directo de Treks, con sede en Cusco. Si tiene alguna pregunta acerca de nuestros programas de Salkantay, recorridos cl\u00e1sicos o recorridos alternativos, estamos encantados en poder ayudarlos estamos disponibles en: \u2022 Whatsapp: +51 984387050 &#8211; Ll\u00e1menos en cualquier momento. \u2022 Direcci\u00f3n de la oficina: (Cusco [&hellip;]<\/p>\n","protected":false},"author":1,"featured_media":0,"parent":0,"menu_order":0,"comment_status":"closed","ping_status":"closed","template":"","meta":{"_acf_changed":false,"advgb_blocks_editor_width":"","advgb_blocks_columns_visual_guide":"","footnotes":""},"class_list":["post-3375","page","type-page","status-publish","hentry"],"acf":[],"yoast_head":"<!-- This site is optimized with the Yoast SEO plugin v27.5 - https:\/\/yoast.com\/product\/yoast-seo-wordpress\/ -->\n<title>Contactos - Salkantay Expeditions<\/title>\n<meta name=\"robots\" content=\"index, follow, max-snippet:-1, max-image-preview:large, max-video-preview:-1\" \/>\n<link rel=\"canonical\" href=\"https:\/\/salkantayexpeditions.com\/es\/contactos\/\" \/>\n<meta property=\"og:locale\" content=\"es_ES\" \/>\n<meta property=\"og:type\" content=\"article\" \/>\n<meta property=\"og:title\" content=\"Contactos - Salkantay Expeditions\" \/>\n<meta property=\"og:description\" content=\"Salkantay Expeditions, es una empresa peruana y un operador local directo de Treks, con sede en Cusco. Si tiene alguna pregunta acerca de nuestros programas de Salkantay, recorridos cl\u00e1sicos o recorridos alternativos, estamos encantados en poder ayudarlos estamos disponibles en: \u2022 Whatsapp: +51 984387050 &#8211; Ll\u00e1menos en cualquier momento. \u2022 Direcci\u00f3n de la oficina: (Cusco [&hellip;]\" \/>\n<meta property=\"og:url\" content=\"https:\/\/salkantayexpeditions.com\/es\/contactos\/\" \/>\n<meta property=\"og:site_name\" content=\"Salkantay Expeditions\" \/>\n<meta property=\"article:publisher\" content=\"https:\/\/www.facebook.com\/profile.php?id=61576288937850\" \/>\n<meta property=\"article:modified_time\" content=\"2022-03-18T17:54:52+00:00\" \/>\n<meta property=\"og:image\" content=\"https:\/\/salkantayexpeditions.com\/wp-content\/uploads\/2020\/03\/trek-salkacusco.jpg\" \/>\n\t<meta property=\"og:image:width\" content=\"426\" \/>\n\t<meta property=\"og:image:height\" content=\"332\" \/>\n\t<meta property=\"og:image:type\" content=\"image\/jpeg\" \/>\n<meta name=\"twitter:card\" content=\"summary_large_image\" \/>\n<meta name=\"twitter:label1\" content=\"Tiempo de lectura\" \/>\n\t<meta name=\"twitter:data1\" content=\"2 minutos\" \/>\n<script type=\"application\/ld+json\" class=\"yoast-schema-graph\">{\"@context\":\"https:\\\/\\\/schema.org\",\"@graph\":[{\"@type\":\"WebPage\",\"@id\":\"https:\\\/\\\/salkantayexpeditions.com\\\/es\\\/contactos\\\/\",\"url\":\"https:\\\/\\\/salkantayexpeditions.com\\\/es\\\/contactos\\\/\",\"name\":\"Contactos - Salkantay Expeditions\",\"isPartOf\":{\"@id\":\"https:\\\/\\\/salkantayexpeditions.com\\\/#website\"},\"datePublished\":\"2020-03-24T23:02:15+00:00\",\"dateModified\":\"2022-03-18T17:54:52+00:00\",\"breadcrumb\":{\"@id\":\"https:\\\/\\\/salkantayexpeditions.com\\\/es\\\/contactos\\\/#breadcrumb\"},\"inLanguage\":\"es\",\"potentialAction\":[{\"@type\":\"ReadAction\",\"target\":[\"https:\\\/\\\/salkantayexpeditions.com\\\/es\\\/contactos\\\/\"]}]},{\"@type\":\"BreadcrumbList\",\"@id\":\"https:\\\/\\\/salkantayexpeditions.com\\\/es\\\/contactos\\\/#breadcrumb\",\"itemListElement\":[{\"@type\":\"ListItem\",\"position\":1,\"name\":\"\",\"item\":\"https:\\\/\\\/salkantayexpeditions.com\\\/camino-salkantay\\\/\"},{\"@type\":\"ListItem\",\"position\":2,\"name\":\"Contactos\"}]},{\"@type\":\"WebSite\",\"@id\":\"https:\\\/\\\/salkantayexpeditions.com\\\/#website\",\"url\":\"https:\\\/\\\/salkantayexpeditions.com\\\/\",\"name\":\"Salkantay Expeditions\",\"description\":\"\",\"publisher\":{\"@id\":\"https:\\\/\\\/salkantayexpeditions.com\\\/#organization\"},\"potentialAction\":[{\"@type\":\"SearchAction\",\"target\":{\"@type\":\"EntryPoint\",\"urlTemplate\":\"https:\\\/\\\/salkantayexpeditions.com\\\/?s={search_term_string}\"},\"query-input\":{\"@type\":\"PropertyValueSpecification\",\"valueRequired\":true,\"valueName\":\"search_term_string\"}}],\"inLanguage\":\"es\"},{\"@type\":\"Organization\",\"@id\":\"https:\\\/\\\/salkantayexpeditions.com\\\/#organization\",\"name\":\"Salkantay Expeditions\",\"url\":\"https:\\\/\\\/salkantayexpeditions.com\\\/\",\"logo\":{\"@type\":\"ImageObject\",\"inLanguage\":\"es\",\"@id\":\"https:\\\/\\\/salkantayexpeditions.com\\\/#\\\/schema\\\/logo\\\/image\\\/\",\"url\":\"https:\\\/\\\/salkantayexpeditions.com\\\/wp-content\\\/uploads\\\/2020\\\/03\\\/logo.png\",\"contentUrl\":\"https:\\\/\\\/salkantayexpeditions.com\\\/wp-content\\\/uploads\\\/2020\\\/03\\\/logo.png\",\"width\":1221,\"height\":676,\"caption\":\"Salkantay Expeditions\"},\"image\":{\"@id\":\"https:\\\/\\\/salkantayexpeditions.com\\\/#\\\/schema\\\/logo\\\/image\\\/\"},\"sameAs\":[\"https:\\\/\\\/www.facebook.com\\\/profile.php?id=61576288937850\"]}]}<\/script>\n<!-- \/ Yoast SEO plugin. -->","yoast_head_json":{"title":"Contactos - Salkantay Expeditions","robots":{"index":"index","follow":"follow","max-snippet":"max-snippet:-1","max-image-preview":"max-image-preview:large","max-video-preview":"max-video-preview:-1"},"canonical":"https:\/\/salkantayexpeditions.com\/es\/contactos\/","og_locale":"es_ES","og_type":"article","og_title":"Contactos - Salkantay Expeditions","og_description":"Salkantay Expeditions, es una empresa peruana y un operador local directo de Treks, con sede en Cusco. Si tiene alguna pregunta acerca de nuestros programas de Salkantay, recorridos cl\u00e1sicos o recorridos alternativos, estamos encantados en poder ayudarlos estamos disponibles en: \u2022 Whatsapp: +51 984387050 &#8211; Ll\u00e1menos en cualquier momento. \u2022 Direcci\u00f3n de la oficina: (Cusco [&hellip;]","og_url":"https:\/\/salkantayexpeditions.com\/es\/contactos\/","og_site_name":"Salkantay Expeditions","article_publisher":"https:\/\/www.facebook.com\/profile.php?id=61576288937850","article_modified_time":"2022-03-18T17:54:52+00:00","og_image":[{"width":426,"height":332,"url":"https:\/\/salkantayexpeditions.com\/wp-content\/uploads\/2020\/03\/trek-salkacusco.jpg","type":"image\/jpeg"}],"twitter_card":"summary_large_image","twitter_misc":{"Tiempo de lectura":"2 minutos"},"schema":{"@context":"https:\/\/schema.org","@graph":[{"@type":"WebPage","@id":"https:\/\/salkantayexpeditions.com\/es\/contactos\/","url":"https:\/\/salkantayexpeditions.com\/es\/contactos\/","name":"Contactos - Salkantay Expeditions","isPartOf":{"@id":"https:\/\/salkantayexpeditions.com\/#website"},"datePublished":"2020-03-24T23:02:15+00:00","dateModified":"2022-03-18T17:54:52+00:00","breadcrumb":{"@id":"https:\/\/salkantayexpeditions.com\/es\/contactos\/#breadcrumb"},"inLanguage":"es","potentialAction":[{"@type":"ReadAction","target":["https:\/\/salkantayexpeditions.com\/es\/contactos\/"]}]},{"@type":"BreadcrumbList","@id":"https:\/\/salkantayexpeditions.com\/es\/contactos\/#breadcrumb","itemListElement":[{"@type":"ListItem","position":1,"name":"","item":"https:\/\/salkantayexpeditions.com\/camino-salkantay\/"},{"@type":"ListItem","position":2,"name":"Contactos"}]},{"@type":"WebSite","@id":"https:\/\/salkantayexpeditions.com\/#website","url":"https:\/\/salkantayexpeditions.com\/","name":"Salkantay Expeditions","description":"","publisher":{"@id":"https:\/\/salkantayexpeditions.com\/#organization"},"potentialAction":[{"@type":"SearchAction","target":{"@type":"EntryPoint","urlTemplate":"https:\/\/salkantayexpeditions.com\/?s={search_term_string}"},"query-input":{"@type":"PropertyValueSpecification","valueRequired":true,"valueName":"search_term_string"}}],"inLanguage":"es"},{"@type":"Organization","@id":"https:\/\/salkantayexpeditions.com\/#organization","name":"Salkantay Expeditions","url":"https:\/\/salkantayexpeditions.com\/","logo":{"@type":"ImageObject","inLanguage":"es","@id":"https:\/\/salkantayexpeditions.com\/#\/schema\/logo\/image\/","url":"https:\/\/salkantayexpeditions.com\/wp-content\/uploads\/2020\/03\/logo.png","contentUrl":"https:\/\/salkantayexpeditions.com\/wp-content\/uploads\/2020\/03\/logo.png","width":1221,"height":676,"caption":"Salkantay Expeditions"},"image":{"@id":"https:\/\/salkantayexpeditions.com\/#\/schema\/logo\/image\/"},"sameAs":["https:\/\/www.facebook.com\/profile.php?id=61576288937850"]}]}},"coauthors":[],"author_meta":{"author_link":"https:\/\/salkantayexpeditions.com\/es\/author\/041495e408952029bab104ac313e7217\/","display_name":"salkantayexp"},"relative_dates":{"created":"Publicado 6 a\u00f1os hace","modified":"Actualizado 4 a\u00f1os hace"},"absolute_dates":{"created":"Publicado el 24 de marzo de 2020","modified":"Actualizado el 18 de marzo de 2022"},"absolute_dates_time":{"created":"Publicado el 24 de marzo de 2020 23:02","modified":"Actualizado el 18 de marzo de 2022 17:54"},"featured_img_caption":"","featured_img":false,"series_order":"","_links":{"self":[{"href":"https:\/\/salkantayexpeditions.com\/es\/wp-json\/wp\/v2\/pages\/3375","targetHints":{"allow":["GET"]}}],"collection":[{"href":"https:\/\/salkantayexpeditions.com\/es\/wp-json\/wp\/v2\/pages"}],"about":[{"href":"https:\/\/salkantayexpeditions.com\/es\/wp-json\/wp\/v2\/types\/page"}],"author":[{"embeddable":true,"href":"https:\/\/salkantayexpeditions.com\/es\/wp-json\/wp\/v2\/users\/1"}],"replies":[{"embeddable":true,"href":"https:\/\/salkantayexpeditions.com\/es\/wp-json\/wp\/v2\/comments?post=3375"}],"version-history":[{"count":10,"href":"https:\/\/salkantayexpeditions.com\/es\/wp-json\/wp\/v2\/pages\/3375\/revisions"}],"predecessor-version":[{"id":5920,"href":"https:\/\/salkantayexpeditions.com\/es\/wp-json\/wp\/v2\/pages\/3375\/revisions\/5920"}],"wp:attachment":[{"href":"https:\/\/salkantayexpeditions.com\/es\/wp-json\/wp\/v2\/media?parent=3375"}],"curies":[{"name":"wp","href":"https:\/\/api.w.org\/{rel}","templated":true}]}}