{"id":448,"date":"2020-03-24T01:44:11","date_gmt":"2020-03-24T01:44:11","guid":{"rendered":"https:\/\/salkantayexpeditions.com\/?page_id=448"},"modified":"2022-03-22T22:01:41","modified_gmt":"2022-03-22T22:01:41","slug":"sobre-nosotros","status":"publish","type":"page","link":"https:\/\/salkantayexpeditions.com\/es\/sobre-nosotros\/","title":{"rendered":"Sobre Nosotros"},"content":{"rendered":"\n<p><strong><mark style=\"background-color:rgba(0, 0, 0, 0);color:#3d86ab\" class=\"has-inline-color\">Bienvenido a Salkantay Expeditions,<\/mark><\/strong> nos especializamos en viajes de  aventura, los operadores directos en la ciudad de Cusco, ofrecemos  viajes de inspiraci\u00f3n para usted y que puedan disfrutar de la maravilla  de los Andes (Machu Picchu), y muchas otras partes del Per\u00fa, porque  somos considerados dentro los pa\u00edses m\u00e1s diversos del planeta.<\/p>\n\n\n\n<p>Organizamos excursiones y viajes de aventura y cambiar la forma de \ntrabajar en general, para un verdadero desarrollo del turismo sostenible\n y responsable, organizamos tours personalizados para familias, viajes \nde luna de miel y amigos. Nuestras experiencias son un servicio \npersonalizado oferta \u00fanica, cumplimos con nuestras ofertas de programas,\n nuestro trabajo est\u00e1 garantizada y recomendable. Hacemos tu viaje \ninolvidable y una experiencia agradable en el Per\u00fa despu\u00e9s de visitar la\n maravilla del mundo Machu Picchu.<\/p>\n\n\n\n<p>Salkantay Expeditions, los operadores tur\u00edsticos est\u00e1n autorizados \npor el Ministerio de Turismo de nuestro pa\u00eds. Somos un 100% de las \npersonas locales que trabajan con profesionales, experimentados gu\u00edas, \ncocineros, porteadores y todo nuestro personal en general, crear \noportunidades de empleo en nuestra ciudad y contribuir a la comunidad \ncon nuestro proyecto social. Y lo m\u00e1s importante de nuestro trabajo para\n proteger la naturaleza (la Madre Tierra) nuestro trabajo se basa en el \nsiguiente lema:<strong>\u00abExplora lugares de origen en los Andes\u00bb<\/strong><\/p>\n\n\n\n<p><strong><mark style=\"background-color:rgba(0, 0, 0, 0)\" class=\"has-inline-color has-luminous-vivid-orange-color\">Operamos,<\/mark><\/strong> nuestros propios programas, tenemos un  personal altamente calificado para el trabajo, ofrecemos un servicio  privado y personalizado en buen estado. Nuestros tours est\u00e1n dise\u00f1ados  para los turistas m\u00e1s exigentes contamos con un equipo adecuado para  cada campo de la zona, ya que los Andes ofrece una gran variedad de  climas y microclimas.<\/p>\n\n\n\n<p><mark style=\"background-color:rgba(0, 0, 0, 0)\" class=\"has-inline-color has-luminous-vivid-orange-color\"><strong>Nuestros gu\u00edas:<\/strong> <\/mark>son profesionales educados en la  Universidad del Cusco y los institutos que tengan como lengua materna,  el quechua y el espa\u00f1ol y por el trabajo de hablar Ingl\u00e9s, franc\u00e9s,  italiano, alem\u00e1n, portugu\u00e9s &#8230; etc.<\/p>\n\n\n\n<p><mark style=\"background-color:rgba(0, 0, 0, 0)\" class=\"has-inline-color has-luminous-vivid-orange-color\"><strong>Nuestros cocineros:<\/strong> <\/mark>Son profesionales con estudios  de gastronom\u00eda en institutos de la ciudad y reciben capacitaci\u00f3n  anualmente como culinaria Per\u00fa y Am\u00e9rica del Sur est\u00e1 revolucionando el  mundo.<\/p>\n\n\n\n<p><mark style=\"background-color:rgba(0, 0, 0, 0)\" class=\"has-inline-color has-luminous-vivid-orange-color\"><strong>Nuestra comida:<\/strong> <\/mark>es variada y rica en cantidad y de  calidad y el uso de productos de nuestra regi\u00f3n y, a menudo los lugares  donde opera, Pacha Expeditions.<\/p>\n\n\n\n<p><mark style=\"background-color:rgba(0, 0, 0, 0)\" class=\"has-inline-color has-luminous-vivid-orange-color\"><strong>Durante nuestros viajes ofrecen<\/strong>, <\/mark>desayunos variados,  comidas exquisitas y cenas con productos nutritivos la Pachamama nos  da, y para que nuestros turistas disfrutar de la cocina local.<\/p>\n\n\n\n<p><mark style=\"background-color:rgba(0, 0, 0, 0)\" class=\"has-inline-color has-luminous-vivid-orange-color\"><strong>El personal de apoyo<\/strong>.<\/mark> Son personas en las zonas  donde opera Pacha Expeditions., Y proporcionar oportunidades de empleo y  el apoyo a los ni\u00f1os en edad escolar y personas adultas<\/p>\n\n\n\n<p><mark style=\"background-color:rgba(0, 0, 0, 0)\" class=\"has-inline-color has-luminous-vivid-orange-color\"><strong>Nuestro equipo de campamento:<\/strong> <\/mark>tenemos un campamento  adecuado equipo para todas las edades y de diferentes \u00e1reas geogr\u00e1ficas  de nuestros Andes, sacos de dormir, plumas y sint\u00e9tico, colchones  inflables.<\/p>\n\n\n\n<p>Desarrollamos un trabajo responsable y sostenible en cada una de las \nrutas de aventura donde operamos para las generaciones futuras.<\/p>\n","protected":false},"excerpt":{"rendered":"<p>Bienvenido a Salkantay Expeditions, nos especializamos en viajes de aventura, los operadores directos en la ciudad de Cusco, ofrecemos viajes de inspiraci\u00f3n para usted y que puedan disfrutar de la maravilla de los Andes (Machu Picchu), y muchas otras partes del Per\u00fa, porque somos considerados dentro los pa\u00edses m\u00e1s diversos del planeta. Organizamos excursiones y [&hellip;]<\/p>\n","protected":false},"author":1,"featured_media":0,"parent":0,"menu_order":0,"comment_status":"closed","ping_status":"closed","template":"","meta":{"_acf_changed":false,"advgb_blocks_editor_width":"","advgb_blocks_columns_visual_guide":"","footnotes":""},"class_list":["post-448","page","type-page","status-publish","hentry"],"acf":[],"yoast_head":"<!-- This site is optimized with the Yoast SEO plugin v27.3 - https:\/\/yoast.com\/product\/yoast-seo-wordpress\/ -->\n<title>Sobre Nosotros - Salkantay Expeditions<\/title>\n<meta name=\"robots\" content=\"index, follow, max-snippet:-1, max-image-preview:large, max-video-preview:-1\" \/>\n<link rel=\"canonical\" href=\"https:\/\/salkantayexpeditions.com\/es\/sobre-nosotros\/\" \/>\n<meta property=\"og:locale\" content=\"es_ES\" \/>\n<meta property=\"og:type\" content=\"article\" \/>\n<meta property=\"og:title\" content=\"Sobre Nosotros - Salkantay Expeditions\" \/>\n<meta property=\"og:description\" content=\"Bienvenido a Salkantay Expeditions, nos especializamos en viajes de aventura, los operadores directos en la ciudad de Cusco, ofrecemos viajes de inspiraci\u00f3n para usted y que puedan disfrutar de la maravilla de los Andes (Machu Picchu), y muchas otras partes del Per\u00fa, porque somos considerados dentro los pa\u00edses m\u00e1s diversos del planeta. Organizamos excursiones y [&hellip;]\" \/>\n<meta property=\"og:url\" content=\"https:\/\/salkantayexpeditions.com\/es\/sobre-nosotros\/\" \/>\n<meta property=\"og:site_name\" content=\"Salkantay Expeditions\" \/>\n<meta property=\"article:publisher\" content=\"https:\/\/www.facebook.com\/profile.php?id=61576288937850\" \/>\n<meta property=\"article:modified_time\" content=\"2022-03-22T22:01:41+00:00\" \/>\n<meta property=\"og:image\" content=\"https:\/\/salkantayexpeditions.com\/wp-content\/uploads\/2020\/03\/trek-salkacusco.jpg\" \/>\n\t<meta property=\"og:image:width\" content=\"426\" \/>\n\t<meta property=\"og:image:height\" content=\"332\" \/>\n\t<meta property=\"og:image:type\" content=\"image\/jpeg\" \/>\n<meta name=\"twitter:card\" content=\"summary_large_image\" \/>\n<meta name=\"twitter:label1\" content=\"Tiempo de lectura\" \/>\n\t<meta name=\"twitter:data1\" content=\"3 minutos\" \/>\n<script type=\"application\/ld+json\" class=\"yoast-schema-graph\">{\"@context\":\"https:\\\/\\\/schema.org\",\"@graph\":[{\"@type\":\"WebPage\",\"@id\":\"https:\\\/\\\/salkantayexpeditions.com\\\/es\\\/sobre-nosotros\\\/\",\"url\":\"https:\\\/\\\/salkantayexpeditions.com\\\/es\\\/sobre-nosotros\\\/\",\"name\":\"Sobre Nosotros - Salkantay Expeditions\",\"isPartOf\":{\"@id\":\"https:\\\/\\\/salkantayexpeditions.com\\\/#website\"},\"datePublished\":\"2020-03-24T01:44:11+00:00\",\"dateModified\":\"2022-03-22T22:01:41+00:00\",\"breadcrumb\":{\"@id\":\"https:\\\/\\\/salkantayexpeditions.com\\\/es\\\/sobre-nosotros\\\/#breadcrumb\"},\"inLanguage\":\"es\",\"potentialAction\":[{\"@type\":\"ReadAction\",\"target\":[\"https:\\\/\\\/salkantayexpeditions.com\\\/es\\\/sobre-nosotros\\\/\"]}]},{\"@type\":\"BreadcrumbList\",\"@id\":\"https:\\\/\\\/salkantayexpeditions.com\\\/es\\\/sobre-nosotros\\\/#breadcrumb\",\"itemListElement\":[{\"@type\":\"ListItem\",\"position\":1,\"name\":\"\",\"item\":\"https:\\\/\\\/salkantayexpeditions.com\\\/camino-salkantay\\\/\"},{\"@type\":\"ListItem\",\"position\":2,\"name\":\"Sobre Nosotros\"}]},{\"@type\":\"WebSite\",\"@id\":\"https:\\\/\\\/salkantayexpeditions.com\\\/#website\",\"url\":\"https:\\\/\\\/salkantayexpeditions.com\\\/\",\"name\":\"Salkantay Expeditions\",\"description\":\"\",\"publisher\":{\"@id\":\"https:\\\/\\\/salkantayexpeditions.com\\\/#organization\"},\"potentialAction\":[{\"@type\":\"SearchAction\",\"target\":{\"@type\":\"EntryPoint\",\"urlTemplate\":\"https:\\\/\\\/salkantayexpeditions.com\\\/?s={search_term_string}\"},\"query-input\":{\"@type\":\"PropertyValueSpecification\",\"valueRequired\":true,\"valueName\":\"search_term_string\"}}],\"inLanguage\":\"es\"},{\"@type\":\"Organization\",\"@id\":\"https:\\\/\\\/salkantayexpeditions.com\\\/#organization\",\"name\":\"Salkantay Expeditions\",\"url\":\"https:\\\/\\\/salkantayexpeditions.com\\\/\",\"logo\":{\"@type\":\"ImageObject\",\"inLanguage\":\"es\",\"@id\":\"https:\\\/\\\/salkantayexpeditions.com\\\/#\\\/schema\\\/logo\\\/image\\\/\",\"url\":\"https:\\\/\\\/salkantayexpeditions.com\\\/wp-content\\\/uploads\\\/2020\\\/03\\\/logo.png\",\"contentUrl\":\"https:\\\/\\\/salkantayexpeditions.com\\\/wp-content\\\/uploads\\\/2020\\\/03\\\/logo.png\",\"width\":1221,\"height\":676,\"caption\":\"Salkantay Expeditions\"},\"image\":{\"@id\":\"https:\\\/\\\/salkantayexpeditions.com\\\/#\\\/schema\\\/logo\\\/image\\\/\"},\"sameAs\":[\"https:\\\/\\\/www.facebook.com\\\/profile.php?id=61576288937850\"]}]}<\/script>\n<!-- \/ Yoast SEO plugin. -->","yoast_head_json":{"title":"Sobre Nosotros - Salkantay Expeditions","robots":{"index":"index","follow":"follow","max-snippet":"max-snippet:-1","max-image-preview":"max-image-preview:large","max-video-preview":"max-video-preview:-1"},"canonical":"https:\/\/salkantayexpeditions.com\/es\/sobre-nosotros\/","og_locale":"es_ES","og_type":"article","og_title":"Sobre Nosotros - Salkantay Expeditions","og_description":"Bienvenido a Salkantay Expeditions, nos especializamos en viajes de aventura, los operadores directos en la ciudad de Cusco, ofrecemos viajes de inspiraci\u00f3n para usted y que puedan disfrutar de la maravilla de los Andes (Machu Picchu), y muchas otras partes del Per\u00fa, porque somos considerados dentro los pa\u00edses m\u00e1s diversos del planeta. Organizamos excursiones y [&hellip;]","og_url":"https:\/\/salkantayexpeditions.com\/es\/sobre-nosotros\/","og_site_name":"Salkantay Expeditions","article_publisher":"https:\/\/www.facebook.com\/profile.php?id=61576288937850","article_modified_time":"2022-03-22T22:01:41+00:00","og_image":[{"width":426,"height":332,"url":"https:\/\/salkantayexpeditions.com\/wp-content\/uploads\/2020\/03\/trek-salkacusco.jpg","type":"image\/jpeg"}],"twitter_card":"summary_large_image","twitter_misc":{"Tiempo de lectura":"3 minutos"},"schema":{"@context":"https:\/\/schema.org","@graph":[{"@type":"WebPage","@id":"https:\/\/salkantayexpeditions.com\/es\/sobre-nosotros\/","url":"https:\/\/salkantayexpeditions.com\/es\/sobre-nosotros\/","name":"Sobre Nosotros - Salkantay Expeditions","isPartOf":{"@id":"https:\/\/salkantayexpeditions.com\/#website"},"datePublished":"2020-03-24T01:44:11+00:00","dateModified":"2022-03-22T22:01:41+00:00","breadcrumb":{"@id":"https:\/\/salkantayexpeditions.com\/es\/sobre-nosotros\/#breadcrumb"},"inLanguage":"es","potentialAction":[{"@type":"ReadAction","target":["https:\/\/salkantayexpeditions.com\/es\/sobre-nosotros\/"]}]},{"@type":"BreadcrumbList","@id":"https:\/\/salkantayexpeditions.com\/es\/sobre-nosotros\/#breadcrumb","itemListElement":[{"@type":"ListItem","position":1,"name":"","item":"https:\/\/salkantayexpeditions.com\/camino-salkantay\/"},{"@type":"ListItem","position":2,"name":"Sobre Nosotros"}]},{"@type":"WebSite","@id":"https:\/\/salkantayexpeditions.com\/#website","url":"https:\/\/salkantayexpeditions.com\/","name":"Salkantay Expeditions","description":"","publisher":{"@id":"https:\/\/salkantayexpeditions.com\/#organization"},"potentialAction":[{"@type":"SearchAction","target":{"@type":"EntryPoint","urlTemplate":"https:\/\/salkantayexpeditions.com\/?s={search_term_string}"},"query-input":{"@type":"PropertyValueSpecification","valueRequired":true,"valueName":"search_term_string"}}],"inLanguage":"es"},{"@type":"Organization","@id":"https:\/\/salkantayexpeditions.com\/#organization","name":"Salkantay Expeditions","url":"https:\/\/salkantayexpeditions.com\/","logo":{"@type":"ImageObject","inLanguage":"es","@id":"https:\/\/salkantayexpeditions.com\/#\/schema\/logo\/image\/","url":"https:\/\/salkantayexpeditions.com\/wp-content\/uploads\/2020\/03\/logo.png","contentUrl":"https:\/\/salkantayexpeditions.com\/wp-content\/uploads\/2020\/03\/logo.png","width":1221,"height":676,"caption":"Salkantay Expeditions"},"image":{"@id":"https:\/\/salkantayexpeditions.com\/#\/schema\/logo\/image\/"},"sameAs":["https:\/\/www.facebook.com\/profile.php?id=61576288937850"]}]}},"coauthors":[],"author_meta":{"author_link":"https:\/\/salkantayexpeditions.com\/es\/author\/041495e408952029bab104ac313e7217\/","display_name":"salkantayexp"},"relative_dates":{"created":"Publicado 6 a\u00f1os hace","modified":"Actualizado 4 a\u00f1os hace"},"absolute_dates":{"created":"Publicado el 24 de marzo de 2020","modified":"Actualizado el 22 de marzo de 2022"},"absolute_dates_time":{"created":"Publicado el 24 de marzo de 2020 01:44","modified":"Actualizado el 22 de marzo de 2022 22:01"},"featured_img_caption":"","featured_img":false,"series_order":"","_links":{"self":[{"href":"https:\/\/salkantayexpeditions.com\/es\/wp-json\/wp\/v2\/pages\/448","targetHints":{"allow":["GET"]}}],"collection":[{"href":"https:\/\/salkantayexpeditions.com\/es\/wp-json\/wp\/v2\/pages"}],"about":[{"href":"https:\/\/salkantayexpeditions.com\/es\/wp-json\/wp\/v2\/types\/page"}],"author":[{"embeddable":true,"href":"https:\/\/salkantayexpeditions.com\/es\/wp-json\/wp\/v2\/users\/1"}],"replies":[{"embeddable":true,"href":"https:\/\/salkantayexpeditions.com\/es\/wp-json\/wp\/v2\/comments?post=448"}],"version-history":[{"count":3,"href":"https:\/\/salkantayexpeditions.com\/es\/wp-json\/wp\/v2\/pages\/448\/revisions"}],"predecessor-version":[{"id":6003,"href":"https:\/\/salkantayexpeditions.com\/es\/wp-json\/wp\/v2\/pages\/448\/revisions\/6003"}],"wp:attachment":[{"href":"https:\/\/salkantayexpeditions.com\/es\/wp-json\/wp\/v2\/media?parent=448"}],"curies":[{"name":"wp","href":"https:\/\/api.w.org\/{rel}","templated":true}]}}