{"id":450,"date":"2020-03-24T01:44:56","date_gmt":"2020-03-24T01:44:56","guid":{"rendered":"https:\/\/salkantayexpeditions.com\/?page_id=450"},"modified":"2020-03-24T01:44:59","modified_gmt":"2020-03-24T01:44:59","slug":"politicas-de-reserva","status":"publish","type":"page","link":"https:\/\/salkantayexpeditions.com\/es\/politicas-de-reserva\/","title":{"rendered":"Politicas de Reserva"},"content":{"rendered":"\n<h4 class=\"wp-block-heading\"><strong>ESTIMADOS TURISTAS<\/strong><\/h4>\n\n\n\n<p>Muchas gracias por su preferencia! Por favor, lea lo siguiente: El \nsistema peruano de servicios y productos a veces difiere a la de su pa\u00eds\n de origen. Le recomendamos que lea atentamente lo siguiente:<\/p>\n\n\n\n<p><strong>VIAJES EN PERU:<\/strong> Salkantay Expeditions, opera en las \nregiones en las que no podr\u00edan normalmente espera est\u00e1ndares de \nalojamiento, transporte y servicios. Sin embargo, nos esforzamos, con \ntoda la diligencia y la capacidad de proporcionar los mejores servicios \npara nuestros turistas. Viajar en Per\u00fa requiere flexibilidad, paciencia,\n amplitud de miras, el buen humor y la comprensi\u00f3n de que los cambios se\n pueden hacer sin previo aviso debido a circunstancias fuera de nuestro \ncontrol (fuerza mayor &#8211; ver m\u00e1s abajo). Al reservar cualquiera de \nnuestros tours usted est\u00e1 de acuerdo con Salkantay Expediciones para \nhacer los cambios necesarios sin la debida responsabilidad.<\/p>\n\n\n\n<p><strong>FUERZA MAYOR:<\/strong> Es cualquier caso, que Salkantay \nExpediciones no puede resolver, incluso con el debido cuidado, prever o \nevitar. Esto incluye eventos como las revueltas, guerras civiles, \nactividades terroristas, conflictos laborales, enfermedades, desastres o\n condiciones clim\u00e1ticas adversas o cualquier otro evento similar fuera \nde nuestro control. En este caso, Salkantay Expediciones no se hace \nresponsable y se reserva el derecho de modificar, posponer o incluso \ncancelar el viaje (esta es la \u00faltima opci\u00f3n, por supuesto!)<\/p>\n\n\n\n<p>Seguro de viaje se recomienda obtener un seguro de viaje que cubra el\n riesgo de accidentes, gastos m\u00e9dicos y de repatriaci\u00f3n de emergencia, \nincluyendo el rescate y ambulancia a\u00e9rea. Tambi\u00e9n recomendamos que se \nrefiere a las cancelaciones y p\u00e9rdida de equipaje. Por favor, env\u00ede un \nn\u00famero de copias \/ Pol\u00edtica de nuestras oficinas.<\/p>\n\n\n\n<p><strong>RIESGOS:<\/strong> al reservar en cualquiera de nuestros \nviajes de aventura (Camino Inca a Machu Picchu, Salkantay, Ausangate, \nChoquequirao Trek, etc.) los riesgos asociados con ellos se asumen. Por \nlo tanto Pacha Expediciones no se hace responsable.<\/p>\n\n\n\n<p>El env\u00edo de sus datos personales para la reserva: N\u00famero de pasaporte\n debe ser v\u00e1lido, por favor, h\u00e1ganos saber si usted tiene o cambiaremos \nsu pasaporte despu\u00e9s de la reserva (autoridades Camino Inca no son muy \nagradables en la comprobaci\u00f3n de control de pasaportes en el Km 82) \nestudiante .tarjeta (si procede) Tambi\u00e9n debe ser v\u00e1lido en el momento \nde comenzar su camino inca.<\/p>\n\n\n\n<h4 class=\"wp-block-heading\"><strong>HAGA SU RESERVA (DEP\u00d3SITO):<\/strong><\/h4>\n\n\n\n<p>Con el fin de garantizar una reserva de un paquete tur\u00edstico, se debe\n efectuar un pago del 50% del costo total del paquete, se pagar\u00e1 el \nsaldo a su llegada a Cusco en nuestras oficinas. Viajes de aventura: (. $\n 70 si desea que la contrataci\u00f3n de un veh\u00edculo adicional Camino Inca) $\n 250 dep\u00f3sito no reembolsable por persona $ 0.200 es el dep\u00f3sito para \nreservar excursiones alternativas tales como Lares, Salkantay, Ausangate\n Vilcabamba, Choquequirao, etc.)<\/p>\n\n\n\n<p><strong>Dep\u00f3sito puede hacerse a trav\u00e9s de:<\/strong><br>\n1.-Western Uni\u00f3n. Money Transfer Company. La transferencia se har\u00e1 en los nombres de:<br>\n\u2022 Javier Mendoza Zarate ID N\u00ba 24007215<br>\n2.- Paypal\n<\/p>\n\n\n\n<p>** Todas las tasas de transacci\u00f3n est\u00e1n cubiertos por el cliente y no est\u00e1 incluido en los precios de nuestros tours.<\/p>\n\n\n\n<p>Pago del saldo: Sugerimos que usted paga su saldo final en nuestras \noficinas al menos 48\/24 horas antes de iniciar el viaje o paseo. \nActualmente, s\u00f3lo aceptamos efectivo, d\u00f3lares o soles (tasa de cambio de\n 3,30 soles por US $ 1). Nos reservamos el derecho de cancelar su viaje a\n la predeterminada en este per\u00edodo, si usted tiene un contacto demora la\n empresa por tel\u00e9fono o correo electr\u00f3nico.<\/p>\n\n\n\n<p><strong>CANCELACIONES:<\/strong>\n1.- Enviado al dep\u00f3sito de reserva no es reembolsable.<br>\n2.- Salkantay Expediciones: debe ser notificado de cualquier cambio o \ncancelaci\u00f3n de su viaje tan pronto como tengan conocimiento de ellos, a \ntrav\u00e9s de e-mail o fax.<br>\n3.- Una vez que se ha pagado el saldo final: No vamos a ser capaces de \ndevolverle su dinero si usted cancela su viaje. Hay, sin embargo, parte \nde su viaje que se puede usar (entrada de Machu Picchu, 1 boleto de \ntren, billete de autob\u00fas 1)<\/p>\n\n\n\n<p><strong>MUY IMPORTANTE:<\/strong> Se recomienda permanecer a gran \naltura (por encima de 3000 metros &#8211; en Cusco u otra ciudad alta altitud)\n durante 3-4 d\u00edas antes del viaje. Esto es con el fin de minimizar los \nefectos de posible mal de altura. Tambi\u00e9n, usted puede ayudar a su \naclimataci\u00f3n cuerpo bebiendo mucho l\u00edquido, a\u00f1adiendo un poco m\u00e1s de \naz\u00facar a sus bebidas, comer alimentos ricos en hidratos de carbono, \nevitar el alcohol y los cigarrillos y beber t\u00e9 de coca (hoja antigua \ntradicional)<\/p>\n\n\n\n<p>* Al confirmar su reserva. Usted afirma que est\u00e1 aceptando plenamente nuestros t\u00e9rminos y condiciones.<\/p>\n\n\n\n<p>Nota: Los t\u00e9rminos y condiciones est\u00e1n sujetos a cambios sin previo aviso.<\/p>\n\n\n\n<p>Gracias de nuevo por su elecci\u00f3n y tenga un viaje maravilloso!<\/p>\n\n\n\n<h4 class=\"wp-block-heading\"><strong>SOMOS OPERADORES DE TURISMO SOSTENIBLE<\/strong><\/h4>\n\n\n\n<p>El turismo sostenible, se compromete a hacer un bajo impacto sobre el\n medio ambiente y la industria de la cultura local, mientras que ayuda a\n generar ingresos y empleo para la poblaci\u00f3n local.<\/p>\n\n\n\n<p>Turismo solidario, se entiende como una forma de viajar que se basa \nen el respeto a los viajeros a las personas y los lugares visitados por \nuna realidad m\u00e1s profunda del pa\u00eds y un intercambio cultural entre los \ndos lados m\u00e1s estrechos.<\/p>\n\n\n\n<p>En la organizaci\u00f3n de todos nuestros tours, incorporamos el principio\n universal del turismo; proteger el medio ambiente y el beneficio de la \ncomunidad y la cultura local. Por lo tanto Expediciones Salkantay. Se \ncrea puestos de trabajo para la poblaci\u00f3n local; porteadores, cocineros,\n porteadores, gu\u00edas. Proporcionamos apoyo educativo a los ni\u00f1os en las \ncomunidades.<\/p>\n","protected":false},"excerpt":{"rendered":"<p>ESTIMADOS TURISTAS Muchas gracias por su preferencia! Por favor, lea lo siguiente: El sistema peruano de servicios y productos a veces difiere a la de su pa\u00eds de origen. Le recomendamos que lea atentamente lo siguiente: VIAJES EN PERU: Salkantay Expeditions, opera en las regiones en las que no podr\u00edan normalmente espera est\u00e1ndares de alojamiento, [&hellip;]<\/p>\n","protected":false},"author":1,"featured_media":0,"parent":0,"menu_order":0,"comment_status":"closed","ping_status":"closed","template":"","meta":{"_acf_changed":false,"advgb_blocks_editor_width":"","advgb_blocks_columns_visual_guide":"","footnotes":""},"class_list":["post-450","page","type-page","status-publish","hentry"],"acf":[],"yoast_head":"<!-- This site is optimized with the Yoast SEO plugin v27.6 - https:\/\/yoast.com\/product\/yoast-seo-wordpress\/ -->\n<title>Politicas de Reserva - Salkantay Expeditions<\/title>\n<meta name=\"robots\" content=\"index, follow, max-snippet:-1, max-image-preview:large, max-video-preview:-1\" \/>\n<link rel=\"canonical\" href=\"https:\/\/salkantayexpeditions.com\/es\/politicas-de-reserva\/\" \/>\n<meta property=\"og:locale\" content=\"es_ES\" \/>\n<meta property=\"og:type\" content=\"article\" \/>\n<meta property=\"og:title\" content=\"Politicas de Reserva - Salkantay Expeditions\" \/>\n<meta property=\"og:description\" content=\"ESTIMADOS TURISTAS Muchas gracias por su preferencia! Por favor, lea lo siguiente: El sistema peruano de servicios y productos a veces difiere a la de su pa\u00eds de origen. Le recomendamos que lea atentamente lo siguiente: VIAJES EN PERU: Salkantay Expeditions, opera en las regiones en las que no podr\u00edan normalmente espera est\u00e1ndares de alojamiento, [&hellip;]\" \/>\n<meta property=\"og:url\" content=\"https:\/\/salkantayexpeditions.com\/es\/politicas-de-reserva\/\" \/>\n<meta property=\"og:site_name\" content=\"Salkantay Expeditions\" \/>\n<meta property=\"article:publisher\" content=\"https:\/\/www.facebook.com\/profile.php?id=61576288937850\" \/>\n<meta property=\"article:modified_time\" content=\"2020-03-24T01:44:59+00:00\" \/>\n<meta property=\"og:image\" content=\"https:\/\/salkantayexpeditions.com\/wp-content\/uploads\/2020\/03\/trek-salkacusco.jpg\" \/>\n\t<meta property=\"og:image:width\" content=\"426\" \/>\n\t<meta property=\"og:image:height\" content=\"332\" \/>\n\t<meta property=\"og:image:type\" content=\"image\/jpeg\" \/>\n<meta name=\"twitter:card\" content=\"summary_large_image\" \/>\n<meta name=\"twitter:label1\" content=\"Tiempo de lectura\" \/>\n\t<meta name=\"twitter:data1\" content=\"5 minutos\" \/>\n<script type=\"application\/ld+json\" class=\"yoast-schema-graph\">{\"@context\":\"https:\\\/\\\/schema.org\",\"@graph\":[{\"@type\":\"WebPage\",\"@id\":\"https:\\\/\\\/salkantayexpeditions.com\\\/es\\\/politicas-de-reserva\\\/\",\"url\":\"https:\\\/\\\/salkantayexpeditions.com\\\/es\\\/politicas-de-reserva\\\/\",\"name\":\"Politicas de Reserva - Salkantay Expeditions\",\"isPartOf\":{\"@id\":\"https:\\\/\\\/salkantayexpeditions.com\\\/#website\"},\"datePublished\":\"2020-03-24T01:44:56+00:00\",\"dateModified\":\"2020-03-24T01:44:59+00:00\",\"breadcrumb\":{\"@id\":\"https:\\\/\\\/salkantayexpeditions.com\\\/es\\\/politicas-de-reserva\\\/#breadcrumb\"},\"inLanguage\":\"es\",\"potentialAction\":[{\"@type\":\"ReadAction\",\"target\":[\"https:\\\/\\\/salkantayexpeditions.com\\\/es\\\/politicas-de-reserva\\\/\"]}]},{\"@type\":\"BreadcrumbList\",\"@id\":\"https:\\\/\\\/salkantayexpeditions.com\\\/es\\\/politicas-de-reserva\\\/#breadcrumb\",\"itemListElement\":[{\"@type\":\"ListItem\",\"position\":1,\"name\":\"\",\"item\":\"https:\\\/\\\/salkantayexpeditions.com\\\/camino-salkantay\\\/\"},{\"@type\":\"ListItem\",\"position\":2,\"name\":\"Politicas de Reserva\"}]},{\"@type\":\"WebSite\",\"@id\":\"https:\\\/\\\/salkantayexpeditions.com\\\/#website\",\"url\":\"https:\\\/\\\/salkantayexpeditions.com\\\/\",\"name\":\"Salkantay Expeditions\",\"description\":\"\",\"publisher\":{\"@id\":\"https:\\\/\\\/salkantayexpeditions.com\\\/#organization\"},\"potentialAction\":[{\"@type\":\"SearchAction\",\"target\":{\"@type\":\"EntryPoint\",\"urlTemplate\":\"https:\\\/\\\/salkantayexpeditions.com\\\/?s={search_term_string}\"},\"query-input\":{\"@type\":\"PropertyValueSpecification\",\"valueRequired\":true,\"valueName\":\"search_term_string\"}}],\"inLanguage\":\"es\"},{\"@type\":\"Organization\",\"@id\":\"https:\\\/\\\/salkantayexpeditions.com\\\/#organization\",\"name\":\"Salkantay Expeditions\",\"url\":\"https:\\\/\\\/salkantayexpeditions.com\\\/\",\"logo\":{\"@type\":\"ImageObject\",\"inLanguage\":\"es\",\"@id\":\"https:\\\/\\\/salkantayexpeditions.com\\\/#\\\/schema\\\/logo\\\/image\\\/\",\"url\":\"https:\\\/\\\/salkantayexpeditions.com\\\/wp-content\\\/uploads\\\/2020\\\/03\\\/logo.png\",\"contentUrl\":\"https:\\\/\\\/salkantayexpeditions.com\\\/wp-content\\\/uploads\\\/2020\\\/03\\\/logo.png\",\"width\":1221,\"height\":676,\"caption\":\"Salkantay Expeditions\"},\"image\":{\"@id\":\"https:\\\/\\\/salkantayexpeditions.com\\\/#\\\/schema\\\/logo\\\/image\\\/\"},\"sameAs\":[\"https:\\\/\\\/www.facebook.com\\\/profile.php?id=61576288937850\"]}]}<\/script>\n<!-- \/ Yoast SEO plugin. -->","yoast_head_json":{"title":"Politicas de Reserva - Salkantay Expeditions","robots":{"index":"index","follow":"follow","max-snippet":"max-snippet:-1","max-image-preview":"max-image-preview:large","max-video-preview":"max-video-preview:-1"},"canonical":"https:\/\/salkantayexpeditions.com\/es\/politicas-de-reserva\/","og_locale":"es_ES","og_type":"article","og_title":"Politicas de Reserva - Salkantay Expeditions","og_description":"ESTIMADOS TURISTAS Muchas gracias por su preferencia! Por favor, lea lo siguiente: El sistema peruano de servicios y productos a veces difiere a la de su pa\u00eds de origen. Le recomendamos que lea atentamente lo siguiente: VIAJES EN PERU: Salkantay Expeditions, opera en las regiones en las que no podr\u00edan normalmente espera est\u00e1ndares de alojamiento, [&hellip;]","og_url":"https:\/\/salkantayexpeditions.com\/es\/politicas-de-reserva\/","og_site_name":"Salkantay Expeditions","article_publisher":"https:\/\/www.facebook.com\/profile.php?id=61576288937850","article_modified_time":"2020-03-24T01:44:59+00:00","og_image":[{"width":426,"height":332,"url":"https:\/\/salkantayexpeditions.com\/wp-content\/uploads\/2020\/03\/trek-salkacusco.jpg","type":"image\/jpeg"}],"twitter_card":"summary_large_image","twitter_misc":{"Tiempo de lectura":"5 minutos"},"schema":{"@context":"https:\/\/schema.org","@graph":[{"@type":"WebPage","@id":"https:\/\/salkantayexpeditions.com\/es\/politicas-de-reserva\/","url":"https:\/\/salkantayexpeditions.com\/es\/politicas-de-reserva\/","name":"Politicas de Reserva - Salkantay Expeditions","isPartOf":{"@id":"https:\/\/salkantayexpeditions.com\/#website"},"datePublished":"2020-03-24T01:44:56+00:00","dateModified":"2020-03-24T01:44:59+00:00","breadcrumb":{"@id":"https:\/\/salkantayexpeditions.com\/es\/politicas-de-reserva\/#breadcrumb"},"inLanguage":"es","potentialAction":[{"@type":"ReadAction","target":["https:\/\/salkantayexpeditions.com\/es\/politicas-de-reserva\/"]}]},{"@type":"BreadcrumbList","@id":"https:\/\/salkantayexpeditions.com\/es\/politicas-de-reserva\/#breadcrumb","itemListElement":[{"@type":"ListItem","position":1,"name":"","item":"https:\/\/salkantayexpeditions.com\/camino-salkantay\/"},{"@type":"ListItem","position":2,"name":"Politicas de Reserva"}]},{"@type":"WebSite","@id":"https:\/\/salkantayexpeditions.com\/#website","url":"https:\/\/salkantayexpeditions.com\/","name":"Salkantay Expeditions","description":"","publisher":{"@id":"https:\/\/salkantayexpeditions.com\/#organization"},"potentialAction":[{"@type":"SearchAction","target":{"@type":"EntryPoint","urlTemplate":"https:\/\/salkantayexpeditions.com\/?s={search_term_string}"},"query-input":{"@type":"PropertyValueSpecification","valueRequired":true,"valueName":"search_term_string"}}],"inLanguage":"es"},{"@type":"Organization","@id":"https:\/\/salkantayexpeditions.com\/#organization","name":"Salkantay Expeditions","url":"https:\/\/salkantayexpeditions.com\/","logo":{"@type":"ImageObject","inLanguage":"es","@id":"https:\/\/salkantayexpeditions.com\/#\/schema\/logo\/image\/","url":"https:\/\/salkantayexpeditions.com\/wp-content\/uploads\/2020\/03\/logo.png","contentUrl":"https:\/\/salkantayexpeditions.com\/wp-content\/uploads\/2020\/03\/logo.png","width":1221,"height":676,"caption":"Salkantay Expeditions"},"image":{"@id":"https:\/\/salkantayexpeditions.com\/#\/schema\/logo\/image\/"},"sameAs":["https:\/\/www.facebook.com\/profile.php?id=61576288937850"]}]}},"coauthors":[],"author_meta":{"author_link":"https:\/\/salkantayexpeditions.com\/es\/author\/041495e408952029bab104ac313e7217\/","display_name":"salkantayexp"},"relative_dates":{"created":"Publicado 6 a\u00f1os hace","modified":"Actualizado 6 a\u00f1os hace"},"absolute_dates":{"created":"Publicado el 24 de marzo de 2020","modified":"Actualizado el 24 de marzo de 2020"},"absolute_dates_time":{"created":"Publicado el 24 de marzo de 2020 01:44","modified":"Actualizado el 24 de marzo de 2020 01:44"},"featured_img_caption":"","featured_img":false,"series_order":"","_links":{"self":[{"href":"https:\/\/salkantayexpeditions.com\/es\/wp-json\/wp\/v2\/pages\/450","targetHints":{"allow":["GET"]}}],"collection":[{"href":"https:\/\/salkantayexpeditions.com\/es\/wp-json\/wp\/v2\/pages"}],"about":[{"href":"https:\/\/salkantayexpeditions.com\/es\/wp-json\/wp\/v2\/types\/page"}],"author":[{"embeddable":true,"href":"https:\/\/salkantayexpeditions.com\/es\/wp-json\/wp\/v2\/users\/1"}],"replies":[{"embeddable":true,"href":"https:\/\/salkantayexpeditions.com\/es\/wp-json\/wp\/v2\/comments?post=450"}],"version-history":[{"count":1,"href":"https:\/\/salkantayexpeditions.com\/es\/wp-json\/wp\/v2\/pages\/450\/revisions"}],"predecessor-version":[{"id":451,"href":"https:\/\/salkantayexpeditions.com\/es\/wp-json\/wp\/v2\/pages\/450\/revisions\/451"}],"wp:attachment":[{"href":"https:\/\/salkantayexpeditions.com\/es\/wp-json\/wp\/v2\/media?parent=450"}],"curies":[{"name":"wp","href":"https:\/\/api.w.org\/{rel}","templated":true}]}}