{"id":454,"date":"2020-03-18T21:46:05","date_gmt":"2020-03-18T21:46:05","guid":{"rendered":"https:\/\/salkantayexpeditions.com\/faqs\/"},"modified":"2022-03-19T03:34:14","modified_gmt":"2022-03-19T03:34:14","slug":"preguntas-frecuentes","status":"publish","type":"page","link":"https:\/\/salkantayexpeditions.com\/es\/preguntas-frecuentes\/","title":{"rendered":"Preguntas Frecuentes:"},"content":{"rendered":"\n<div class=\"wp-block-advgb-accordions advgb-accordion-wrapper\">\n<div class=\"wp-block-advgb-accordion-item advgb-accordion-item\" style=\"margin-bottom:13px\"><div class=\"advgb-accordion-header\" style=\"background-color:#eeeeee;color:#313131;border-style:solid;border-width:0px;border-radius:2px\"><span class=\"advgb-accordion-header-icon\"><svg fill=\"#313131\" xmlns=\"http:\/\/www.w3.org\/2000\/svg\" width=\"24\" height=\"24\" viewbox=\"0 0 24 24\"><path fill=\"none\" d=\"M0,0h24v24H0V0z\"><\/path><path d=\"M13,7h-2v4H7v2h4v4h2v-4h4v-2h-4V7z M12,2C6.48,2,2,6.48,2,12s4.48,10,10,10s10-4.48,10-10S17.52,2,12,2z M12,20 c-4.41,0-8-3.59-8-8s3.59-8,8-8s8,3.59,8,8S16.41,20,12,20z\"><\/path><\/svg><\/span><h4 class=\"advgb-accordion-header-title\" style=\"color:inherit\">\u00bfHay un l\u00edmite de edad para el camino?<\/h4><\/div><div class=\"advgb-accordion-body\" style=\"border-style:solid !important;border-width:0px !important;border-color:undefined !important;border-top:none !important;border-radius:2px !important\">\n<p>No, no hay l\u00edmite de edad, pero si es mayor, se recomienda hacerse un chequeo m\u00e9dico antes de viajar, tratar de aclimatarse en altura (ver mal de altura). Hemos tenido ni\u00f1os de 7 a\u00f1os y personas de hasta 68 a\u00f1os muchas veces. \u00a1No te preocupes, estamos aqu\u00ed para ayudarte a hacerlo! Cuando haya voluntad, si es posible.<\/p>\n<\/div><\/div>\n\n\n\n<div class=\"wp-block-advgb-accordion-item advgb-accordion-item\" style=\"margin-bottom:13px\"><div class=\"advgb-accordion-header\" style=\"background-color:#eeeeee;color:#313131;border-style:solid;border-width:0px;border-radius:2px\"><span class=\"advgb-accordion-header-icon\"><svg fill=\"#313131\" xmlns=\"http:\/\/www.w3.org\/2000\/svg\" width=\"24\" height=\"24\" viewbox=\"0 0 24 24\"><path fill=\"none\" d=\"M0,0h24v24H0V0z\"><\/path><path d=\"M13,7h-2v4H7v2h4v4h2v-4h4v-2h-4V7z M12,2C6.48,2,2,6.48,2,12s4.48,10,10,10s10-4.48,10-10S17.52,2,12,2z M12,20 c-4.41,0-8-3.59-8-8s3.59-8,8-8s8,3.59,8,8S16.41,20,12,20z\"><\/path><\/svg><\/span><h4 class=\"advgb-accordion-header-title\" style=\"color:inherit\">Una vez que reserv\u00e9 mi lugar en la caminata, \u00bfpuedo cambiar mi fecha de salida?<\/h4><\/div><div class=\"advgb-accordion-body\" style=\"border-style:solid !important;border-width:0px !important;border-color:undefined !important;border-top:none !important;border-radius:2px !important\">\n<p>Si puede cambiar la salida pero no la fecha de ingreso a la ciudadela de Machu Picchu los boletos se compran con mucha anticipaci\u00f3n, si cambia la salida de su tour podr\u00eda convertirse en uno de cuatro o tres d\u00edas, dependiendo del programa reservado. Recuerda programar tu viaje a Per\u00fa con anticipaci\u00f3n para evitar problemas y quedarte en Cusco 3 o 4 d\u00edas antes del viaje). Tenga en cuenta que en este viaje encontrar\u00e1 personas de diferente sexo y nacionalidad a la suya, somos un organismo que no puede garantizar el sexo y la nacionalidad de nuestros turistas.<\/p>\n<\/div><\/div>\n\n\n\n<div class=\"wp-block-advgb-accordion-item advgb-accordion-item\" style=\"margin-bottom:13px\"><div class=\"advgb-accordion-header\" style=\"background-color:#eeeeee;color:#313131;border-style:solid;border-width:0px;border-radius:2px\"><span class=\"advgb-accordion-header-icon\"><svg fill=\"#313131\" xmlns=\"http:\/\/www.w3.org\/2000\/svg\" width=\"24\" height=\"24\" viewbox=\"0 0 24 24\"><path fill=\"none\" d=\"M0,0h24v24H0V0z\"><\/path><path d=\"M13,7h-2v4H7v2h4v4h2v-4h4v-2h-4V7z M12,2C6.48,2,2,6.48,2,12s4.48,10,10,10s10-4.48,10-10S17.52,2,12,2z M12,20 c-4.41,0-8-3.59-8-8s3.59-8,8-8s8,3.59,8,8S16.41,20,12,20z\"><\/path><\/svg><\/span><h4 class=\"advgb-accordion-header-title\" style=\"color:inherit\">\u00bfQu\u00e9 pasa con la comida?<\/h4><\/div><div class=\"advgb-accordion-body\" style=\"border-style:solid !important;border-width:0px !important;border-color:undefined !important;border-top:none !important;border-radius:2px !important\">\n<p>Contamos con una excelente cocina que brinda una asombrosa variedad de platillos:<br>Desayuno: Var\u00eda dependiendo de la dificultad del viaje que les espera. Por lo general, una amplia selecci\u00f3n de productos: avena, huevos, panqueques, pan y mermelada. Puedes tomar chocolate caliente, caf\u00e9, t\u00e9 ingl\u00e9s y\/o una selecci\u00f3n de infusiones (manzanilla, lemongrass, t\u00e9 o simplemente coca tradicional).<br>Almuerzo y cena: siempre se toma un plato de sopa seguido de un plato principal (pollo, carne, pescado, etc., con arroz o pasta). A continuaci\u00f3n, postre y una bebida herbal para siempre.<br>Refrescos (Happy Hour): Despu\u00e9s de la caminata todos los d\u00edas habr\u00e1 bebidas calientes, palomitas de ma\u00edz, galletas, pan y mermelada, chocolate, milo, etc., etc.)<br>Aperitivos: Antes de iniciar la caminata, para el d\u00eda se obsequiar\u00e1 &#8211; una pieza de fruta, una barra de chocolate, un paquetito de galletas y alg\u00fan dulce.<\/p>\n\n\n\n<p><strong>Las opciones de dieta vegetariana \/ especial est\u00e1n disponibles a pedido (ver m\u00e1s abajo)<\/strong><\/p>\n<\/div><\/div>\n\n\n\n<div class=\"wp-block-advgb-accordion-item advgb-accordion-item\" style=\"margin-bottom:13px\"><div class=\"advgb-accordion-header\" style=\"background-color:#eeeeee;color:#313131;border-style:solid;border-width:0px;border-radius:2px\"><span class=\"advgb-accordion-header-icon\"><svg fill=\"#313131\" xmlns=\"http:\/\/www.w3.org\/2000\/svg\" width=\"24\" height=\"24\" viewbox=\"0 0 24 24\"><path fill=\"none\" d=\"M0,0h24v24H0V0z\"><\/path><path d=\"M13,7h-2v4H7v2h4v4h2v-4h4v-2h-4V7z M12,2C6.48,2,2,6.48,2,12s4.48,10,10,10s10-4.48,10-10S17.52,2,12,2z M12,20 c-4.41,0-8-3.59-8-8s3.59-8,8-8s8,3.59,8,8S16.41,20,12,20z\"><\/path><\/svg><\/span><h4 class=\"advgb-accordion-header-title\" style=\"color:inherit\">\u00bfTienes una opci\u00f3n vegetariana?<\/h4><\/div><div class=\"advgb-accordion-body\" style=\"border-style:solid !important;border-width:0px !important;border-color:undefined !important;border-top:none !important;border-radius:2px !important\">\n<p>Si. Ofrecemos comida vegetariana. Por favor, especifique sus necesidades diet\u00e9ticas al hacer su reserva.<\/p>\n<\/div><\/div>\n\n\n\n<div class=\"wp-block-advgb-accordion-item advgb-accordion-item\" style=\"margin-bottom:13px\"><div class=\"advgb-accordion-header\" style=\"background-color:#eeeeee;color:#313131;border-style:solid;border-width:0px;border-radius:2px\"><span class=\"advgb-accordion-header-icon\"><svg fill=\"#313131\" xmlns=\"http:\/\/www.w3.org\/2000\/svg\" width=\"24\" height=\"24\" viewbox=\"0 0 24 24\"><path fill=\"none\" d=\"M0,0h24v24H0V0z\"><\/path><path d=\"M13,7h-2v4H7v2h4v4h2v-4h4v-2h-4V7z M12,2C6.48,2,2,6.48,2,12s4.48,10,10,10s10-4.48,10-10S17.52,2,12,2z M12,20 c-4.41,0-8-3.59-8-8s3.59-8,8-8s8,3.59,8,8S16.41,20,12,20z\"><\/path><\/svg><\/span><h4 class=\"advgb-accordion-header-title\" style=\"color:inherit\">\u00bfNos das agua potable?<\/h4><\/div><div class=\"advgb-accordion-body\" style=\"border-style:solid !important;border-width:0px !important;border-color:undefined !important;border-top:none !important;border-radius:2px !important\">\n<p>Si. Aportamos agua previamente hervida o al menos 5 minutos (no son necesarias pastillas potabilizadoras). Por lo tanto, solo necesita una botella de agua para la primera parte, para almorzar, el primer d\u00eda y luego, desde all\u00ed, vuelve a llenar sus botellas hasta Machu Picchu.<\/p>\n<\/div><\/div>\n\n\n\n<div class=\"wp-block-advgb-accordion-item advgb-accordion-item\" style=\"margin-bottom:13px\"><div class=\"advgb-accordion-header\" style=\"background-color:#eeeeee;color:#313131;border-style:solid;border-width:0px;border-radius:2px\"><span class=\"advgb-accordion-header-icon\"><svg fill=\"#313131\" xmlns=\"http:\/\/www.w3.org\/2000\/svg\" width=\"24\" height=\"24\" viewbox=\"0 0 24 24\"><path fill=\"none\" d=\"M0,0h24v24H0V0z\"><\/path><path d=\"M13,7h-2v4H7v2h4v4h2v-4h4v-2h-4V7z M12,2C6.48,2,2,6.48,2,12s4.48,10,10,10s10-4.48,10-10S17.52,2,12,2z M12,20 c-4.41,0-8-3.59-8-8s3.59-8,8-8s8,3.59,8,8S16.41,20,12,20z\"><\/path><\/svg><\/span><h4 class=\"advgb-accordion-header-title\" style=\"color:inherit\">\u00bfHay muchos ba\u00f1os en el camino?<\/h4><\/div><div class=\"advgb-accordion-body\" style=\"border-style:solid !important;border-width:0px !important;border-color:undefined !important;border-top:none !important;border-radius:2px !important\">\n<p>Si. Hay varios ba\u00f1os a lo largo del camino y en los campamentos (por favor evite el uso de la naturaleza)<\/p>\n<\/div><\/div>\n\n\n\n<div class=\"wp-block-advgb-accordion-item advgb-accordion-item\" style=\"margin-bottom:13px\"><div class=\"advgb-accordion-header\" style=\"background-color:#eeeeee;color:#313131;border-style:solid;border-width:0px;border-radius:2px\"><span class=\"advgb-accordion-header-icon\"><svg fill=\"#313131\" xmlns=\"http:\/\/www.w3.org\/2000\/svg\" width=\"24\" height=\"24\" viewbox=\"0 0 24 24\"><path fill=\"none\" d=\"M0,0h24v24H0V0z\"><\/path><path d=\"M13,7h-2v4H7v2h4v4h2v-4h4v-2h-4V7z M12,2C6.48,2,2,6.48,2,12s4.48,10,10,10s10-4.48,10-10S17.52,2,12,2z M12,20 c-4.41,0-8-3.59-8-8s3.59-8,8-8s8,3.59,8,8S16.41,20,12,20z\"><\/path><\/svg><\/span><h4 class=\"advgb-accordion-header-title\" style=\"color:inherit\">\u00bfCu\u00e1ntas personas hay en cada tienda?<\/h4><\/div><div class=\"advgb-accordion-body\" style=\"border-style:solid !important;border-width:0px !important;border-color:undefined !important;border-top:none !important;border-radius:2px !important\">\n<p>Las carpas para todos nuestros tours son de 4 personas, pero el hombre moderno es muy alto y solo ingresan 2 en cada una, lo que permite mayor espacio y comodidad. Si viaja solo tiene que compartir la carpa con otra persona a menos que solicite una privada, (carpa individual $25).<\/p>\n<\/div><\/div>\n\n\n\n<div class=\"wp-block-advgb-accordion-item advgb-accordion-item\" style=\"margin-bottom:13px\"><div class=\"advgb-accordion-header\" style=\"background-color:#eeeeee;color:#313131;border-style:solid;border-width:0px;border-radius:2px\"><span class=\"advgb-accordion-header-icon\"><svg fill=\"#313131\" xmlns=\"http:\/\/www.w3.org\/2000\/svg\" width=\"24\" height=\"24\" viewbox=\"0 0 24 24\"><path fill=\"none\" d=\"M0,0h24v24H0V0z\"><\/path><path d=\"M13,7h-2v4H7v2h4v4h2v-4h4v-2h-4V7z M12,2C6.48,2,2,6.48,2,12s4.48,10,10,10s10-4.48,10-10S17.52,2,12,2z M12,20 c-4.41,0-8-3.59-8-8s3.59-8,8-8s8,3.59,8,8S16.41,20,12,20z\"><\/path><\/svg><\/span><h4 class=\"advgb-accordion-header-title\" style=\"color:inherit\">sobre las propinas de los trabajadores?<\/h4><\/div><div class=\"advgb-accordion-body\" style=\"border-style:solid !important;border-width:0px !important;border-color:undefined !important;border-top:none !important;border-radius:2px !important\">\n<p>La propina es una decisi\u00f3n personal. Seg\u00fan desempe\u00f1o laboral que tenga cada una de las personas que lo acompa\u00f1an en este viaje.<\/p>\n<\/div><\/div>\n\n\n\n<div class=\"wp-block-advgb-accordion-item advgb-accordion-item\" style=\"margin-bottom:13px\"><div class=\"advgb-accordion-header\" style=\"background-color:#eeeeee;color:#313131;border-style:solid;border-width:0px;border-radius:2px\"><span class=\"advgb-accordion-header-icon\"><svg fill=\"#313131\" xmlns=\"http:\/\/www.w3.org\/2000\/svg\" width=\"24\" height=\"24\" viewbox=\"0 0 24 24\"><path fill=\"none\" d=\"M0,0h24v24H0V0z\"><\/path><path d=\"M13,7h-2v4H7v2h4v4h2v-4h4v-2h-4V7z M12,2C6.48,2,2,6.48,2,12s4.48,10,10,10s10-4.48,10-10S17.52,2,12,2z M12,20 c-4.41,0-8-3.59-8-8s3.59-8,8-8s8,3.59,8,8S16.41,20,12,20z\"><\/path><\/svg><\/span><h4 class=\"advgb-accordion-header-title\" style=\"color:inherit\">\u00bfD\u00f3nde tengo que guardar el equipaje cuando salgo de gira?<\/h4><\/div><div class=\"advgb-accordion-body\" style=\"border-style:solid !important;border-width:0px !important;border-color:undefined !important;border-top:none !important;border-radius:2px !important\">\n<p>Todos los hostales y hoteles en Cusco cuentan con una bodega para guardar las pertenencias de los turistas, para realizar este viaje solo tienen que dejarlo en el lugar.<\/p>\n<\/div><\/div>\n\n\n\n<div class=\"wp-block-advgb-accordion-item advgb-accordion-item\" style=\"margin-bottom:13px\"><div class=\"advgb-accordion-header\" style=\"background-color:#eeeeee;color:#313131;border-style:solid;border-width:0px;border-radius:2px\"><span class=\"advgb-accordion-header-icon\"><svg fill=\"#313131\" xmlns=\"http:\/\/www.w3.org\/2000\/svg\" width=\"24\" height=\"24\" viewbox=\"0 0 24 24\"><path fill=\"none\" d=\"M0,0h24v24H0V0z\"><\/path><path d=\"M13,7h-2v4H7v2h4v4h2v-4h4v-2h-4V7z M12,2C6.48,2,2,6.48,2,12s4.48,10,10,10s10-4.48,10-10S17.52,2,12,2z M12,20 c-4.41,0-8-3.59-8-8s3.59-8,8-8s8,3.59,8,8S16.41,20,12,20z\"><\/path><\/svg><\/span><h4 class=\"advgb-accordion-header-title\" style=\"color:inherit\">\u00bfHay muchos ba\u00f1os en el camino?<\/h4><\/div><div class=\"advgb-accordion-body\" style=\"border-style:solid !important;border-width:0px !important;border-color:undefined !important;border-top:none !important;border-radius:2px !important\">\n<p> Si. Hay varios ba\u00f1os a lo largo del camino y en los campamentos (por favor evite el uso de la naturaleza)<\/p>\n<\/div><\/div>\n\n\n\n<div class=\"wp-block-advgb-accordion-item advgb-accordion-item\" style=\"margin-bottom:13px\"><div class=\"advgb-accordion-header\" style=\"background-color:#eeeeee;color:#313131;border-style:solid;border-width:0px;border-radius:2px\"><span class=\"advgb-accordion-header-icon\"><svg fill=\"#313131\" xmlns=\"http:\/\/www.w3.org\/2000\/svg\" width=\"24\" height=\"24\" viewbox=\"0 0 24 24\"><path fill=\"none\" d=\"M0,0h24v24H0V0z\"><\/path><path d=\"M13,7h-2v4H7v2h4v4h2v-4h4v-2h-4V7z M12,2C6.48,2,2,6.48,2,12s4.48,10,10,10s10-4.48,10-10S17.52,2,12,2z M12,20 c-4.41,0-8-3.59-8-8s3.59-8,8-8s8,3.59,8,8S16.41,20,12,20z\"><\/path><\/svg><\/span><h4 class=\"advgb-accordion-header-title\" style=\"color:inherit\">\u00bfQu\u00e9 pasa si me enfermo y necesito volver?<\/h4><\/div><div class=\"advgb-accordion-body\" style=\"border-style:solid !important;border-width:0px !important;border-color:undefined !important;border-top:none !important;border-radius:2px !important\">\n<p>Tenemos un \u00edndice muy bajo de personas que regresan una vez iniciado el viaje. Nuestra prioridad es ayudar a completar el mismo; Todos nuestros gu\u00edas est\u00e1n bien capacitados y cuentan con un botiqu\u00edn y ox\u00edgeno de emergencia de primera. Por favor, no pienses esto (que est\u00e1 en buenas manos)<\/p>\n<\/div><\/div>\n\n\n\n<div class=\"wp-block-advgb-accordion-item advgb-accordion-item\" style=\"margin-bottom:13px\"><div class=\"advgb-accordion-header\" style=\"background-color:#eeeeee;color:#313131;border-style:solid;border-width:0px;border-radius:2px\"><span class=\"advgb-accordion-header-icon\"><svg fill=\"#313131\" xmlns=\"http:\/\/www.w3.org\/2000\/svg\" width=\"24\" height=\"24\" viewbox=\"0 0 24 24\"><path fill=\"none\" d=\"M0,0h24v24H0V0z\"><\/path><path d=\"M13,7h-2v4H7v2h4v4h2v-4h4v-2h-4V7z M12,2C6.48,2,2,6.48,2,12s4.48,10,10,10s10-4.48,10-10S17.52,2,12,2z M12,20 c-4.41,0-8-3.59-8-8s3.59-8,8-8s8,3.59,8,8S16.41,20,12,20z\"><\/path><\/svg><\/span><h4 class=\"advgb-accordion-header-title\" style=\"color:inherit\">\u00bfQu\u00e9 est\u00e1 pasando con el clima?<\/h4><\/div><div class=\"advgb-accordion-body\" style=\"border-style:solid !important;border-width:0px !important;border-color:undefined !important;border-top:none !important;border-radius:2px !important\">\n<p>En Cusco solo tenemos dos estaciones lluviosas 6 meses y seca 06 meses, la estaci\u00f3n seca comienza en abril y octubre, los d\u00edas suelen ser soleados y c\u00e1lidos, pero hay que tener en cuenta que el tiempo es muy variable en las ciudades altas y de monta\u00f1a, de noviembre a Marcha los d\u00edas de lluvia y muchos meses inestables, donde las lluvias pueden ser fuertes.<br>Nota: Las temperaturas son para el Valle del Cusco 3400m. Y las temperaturas cambian dependiendo de la altitud (mayor altitud = fr\u00edo o viceversa)<\/p>\n<\/div><\/div>\n\n\n\n<div class=\"wp-block-advgb-accordion-item advgb-accordion-item\" style=\"margin-bottom:13px\"><div class=\"advgb-accordion-header\" style=\"background-color:#eeeeee;color:#313131;border-style:solid;border-width:0px;border-radius:2px\"><span class=\"advgb-accordion-header-icon\"><svg fill=\"#313131\" xmlns=\"http:\/\/www.w3.org\/2000\/svg\" width=\"24\" height=\"24\" viewbox=\"0 0 24 24\"><path fill=\"none\" d=\"M0,0h24v24H0V0z\"><\/path><path d=\"M13,7h-2v4H7v2h4v4h2v-4h4v-2h-4V7z M12,2C6.48,2,2,6.48,2,12s4.48,10,10,10s10-4.48,10-10S17.52,2,12,2z M12,20 c-4.41,0-8-3.59-8-8s3.59-8,8-8s8,3.59,8,8S16.41,20,12,20z\"><\/path><\/svg><\/span><h4 class=\"advgb-accordion-header-title\" style=\"color:inherit\">\u00bfQu\u00e9 tal el tren de regreso a Cusco?<\/h4><\/div><div class=\"advgb-accordion-body\" style=\"border-style:solid !important;border-width:0px !important;border-color:undefined !important;border-top:none !important;border-radius:2px !important\">\n<p>El tren incluido en todos los tours es el (Servicio Expedition), los horarios son los espacios disponibles en los vagones y una vez que las agencias realizan el pago completo. El primer tren se puede tomar a las 18:20 horas y el \u00faltimo a las 22:50 horas: Salkantay Expeditions. Organizar el transporte de regreso a Cusco (en taxi o bus).<br>Nota: Los trenes a veces est\u00e1n sujetos a cambios dependiendo de los operadores de trenes de Peru Rail. Si se desea se puede modificar el tren para un mejor servicio realizando el correspondiente incremento de precio.<\/p>\n<\/div><\/div>\n<\/div>\n","protected":false},"excerpt":{"rendered":"","protected":false},"author":1,"featured_media":0,"parent":0,"menu_order":0,"comment_status":"closed","ping_status":"closed","template":"","meta":{"_acf_changed":false,"advgb_blocks_editor_width":"","advgb_blocks_columns_visual_guide":"","footnotes":""},"class_list":["post-454","page","type-page","status-publish","hentry"],"acf":[],"yoast_head":"<!-- This site is optimized with the Yoast SEO plugin v27.6 - https:\/\/yoast.com\/product\/yoast-seo-wordpress\/ -->\n<title>Salkantay Expeditions | Preguntas Frecuentes | Peru Treks<\/title>\n<meta name=\"robots\" content=\"index, follow, max-snippet:-1, max-image-preview:large, max-video-preview:-1\" \/>\n<link rel=\"canonical\" href=\"https:\/\/salkantayexpeditions.com\/en\/frequently-asked-questions\/\" \/>\n<meta property=\"og:locale\" content=\"es_ES\" \/>\n<meta property=\"og:type\" content=\"article\" \/>\n<meta property=\"og:title\" content=\"Salkantay Expeditions | Preguntas Frecuentes | Peru Treks\" \/>\n<meta property=\"og:url\" content=\"https:\/\/salkantayexpeditions.com\/en\/frequently-asked-questions\/\" \/>\n<meta property=\"og:site_name\" content=\"Salkantay Expeditions\" \/>\n<meta property=\"article:publisher\" content=\"https:\/\/www.facebook.com\/profile.php?id=61576288937850\" \/>\n<meta property=\"article:modified_time\" content=\"2022-03-19T03:34:14+00:00\" \/>\n<meta property=\"og:image\" content=\"https:\/\/salkantayexpeditions.com\/wp-content\/uploads\/2020\/03\/trek-salkacusco.jpg\" \/>\n\t<meta property=\"og:image:width\" content=\"426\" \/>\n\t<meta property=\"og:image:height\" content=\"332\" \/>\n\t<meta property=\"og:image:type\" content=\"image\/jpeg\" \/>\n<meta name=\"twitter:card\" content=\"summary_large_image\" \/>\n<meta name=\"twitter:label1\" content=\"Tiempo de lectura\" \/>\n\t<meta name=\"twitter:data1\" content=\"4 minutos\" \/>\n<script type=\"application\/ld+json\" class=\"yoast-schema-graph\">{\"@context\":\"https:\\\/\\\/schema.org\",\"@graph\":[{\"@type\":\"WebPage\",\"@id\":\"https:\\\/\\\/salkantayexpeditions.com\\\/en\\\/frequently-asked-questions\\\/\",\"url\":\"https:\\\/\\\/salkantayexpeditions.com\\\/en\\\/frequently-asked-questions\\\/\",\"name\":\"Salkantay Expeditions | Preguntas Frecuentes | Peru Treks\",\"isPartOf\":{\"@id\":\"https:\\\/\\\/salkantayexpeditions.com\\\/#website\"},\"datePublished\":\"2020-03-18T21:46:05+00:00\",\"dateModified\":\"2022-03-19T03:34:14+00:00\",\"breadcrumb\":{\"@id\":\"https:\\\/\\\/salkantayexpeditions.com\\\/en\\\/frequently-asked-questions\\\/#breadcrumb\"},\"inLanguage\":\"es\",\"potentialAction\":[{\"@type\":\"ReadAction\",\"target\":[\"https:\\\/\\\/salkantayexpeditions.com\\\/en\\\/frequently-asked-questions\\\/\"]}]},{\"@type\":\"BreadcrumbList\",\"@id\":\"https:\\\/\\\/salkantayexpeditions.com\\\/en\\\/frequently-asked-questions\\\/#breadcrumb\",\"itemListElement\":[{\"@type\":\"ListItem\",\"position\":1,\"name\":\"\",\"item\":\"https:\\\/\\\/salkantayexpeditions.com\\\/camino-salkantay\\\/\"},{\"@type\":\"ListItem\",\"position\":2,\"name\":\"Preguntas Frecuentes:\"}]},{\"@type\":\"WebSite\",\"@id\":\"https:\\\/\\\/salkantayexpeditions.com\\\/#website\",\"url\":\"https:\\\/\\\/salkantayexpeditions.com\\\/\",\"name\":\"Salkantay Expeditions\",\"description\":\"\",\"publisher\":{\"@id\":\"https:\\\/\\\/salkantayexpeditions.com\\\/#organization\"},\"potentialAction\":[{\"@type\":\"SearchAction\",\"target\":{\"@type\":\"EntryPoint\",\"urlTemplate\":\"https:\\\/\\\/salkantayexpeditions.com\\\/?s={search_term_string}\"},\"query-input\":{\"@type\":\"PropertyValueSpecification\",\"valueRequired\":true,\"valueName\":\"search_term_string\"}}],\"inLanguage\":\"es\"},{\"@type\":\"Organization\",\"@id\":\"https:\\\/\\\/salkantayexpeditions.com\\\/#organization\",\"name\":\"Salkantay Expeditions\",\"url\":\"https:\\\/\\\/salkantayexpeditions.com\\\/\",\"logo\":{\"@type\":\"ImageObject\",\"inLanguage\":\"es\",\"@id\":\"https:\\\/\\\/salkantayexpeditions.com\\\/#\\\/schema\\\/logo\\\/image\\\/\",\"url\":\"https:\\\/\\\/salkantayexpeditions.com\\\/wp-content\\\/uploads\\\/2020\\\/03\\\/logo.png\",\"contentUrl\":\"https:\\\/\\\/salkantayexpeditions.com\\\/wp-content\\\/uploads\\\/2020\\\/03\\\/logo.png\",\"width\":1221,\"height\":676,\"caption\":\"Salkantay Expeditions\"},\"image\":{\"@id\":\"https:\\\/\\\/salkantayexpeditions.com\\\/#\\\/schema\\\/logo\\\/image\\\/\"},\"sameAs\":[\"https:\\\/\\\/www.facebook.com\\\/profile.php?id=61576288937850\"]}]}<\/script>\n<!-- \/ Yoast SEO plugin. -->","yoast_head_json":{"title":"Salkantay Expeditions | Preguntas Frecuentes | Peru Treks","robots":{"index":"index","follow":"follow","max-snippet":"max-snippet:-1","max-image-preview":"max-image-preview:large","max-video-preview":"max-video-preview:-1"},"canonical":"https:\/\/salkantayexpeditions.com\/en\/frequently-asked-questions\/","og_locale":"es_ES","og_type":"article","og_title":"Salkantay Expeditions | Preguntas Frecuentes | Peru Treks","og_url":"https:\/\/salkantayexpeditions.com\/en\/frequently-asked-questions\/","og_site_name":"Salkantay Expeditions","article_publisher":"https:\/\/www.facebook.com\/profile.php?id=61576288937850","article_modified_time":"2022-03-19T03:34:14+00:00","og_image":[{"width":426,"height":332,"url":"https:\/\/salkantayexpeditions.com\/wp-content\/uploads\/2020\/03\/trek-salkacusco.jpg","type":"image\/jpeg"}],"twitter_card":"summary_large_image","twitter_misc":{"Tiempo de lectura":"4 minutos"},"schema":{"@context":"https:\/\/schema.org","@graph":[{"@type":"WebPage","@id":"https:\/\/salkantayexpeditions.com\/en\/frequently-asked-questions\/","url":"https:\/\/salkantayexpeditions.com\/en\/frequently-asked-questions\/","name":"Salkantay Expeditions | Preguntas Frecuentes | Peru Treks","isPartOf":{"@id":"https:\/\/salkantayexpeditions.com\/#website"},"datePublished":"2020-03-18T21:46:05+00:00","dateModified":"2022-03-19T03:34:14+00:00","breadcrumb":{"@id":"https:\/\/salkantayexpeditions.com\/en\/frequently-asked-questions\/#breadcrumb"},"inLanguage":"es","potentialAction":[{"@type":"ReadAction","target":["https:\/\/salkantayexpeditions.com\/en\/frequently-asked-questions\/"]}]},{"@type":"BreadcrumbList","@id":"https:\/\/salkantayexpeditions.com\/en\/frequently-asked-questions\/#breadcrumb","itemListElement":[{"@type":"ListItem","position":1,"name":"","item":"https:\/\/salkantayexpeditions.com\/camino-salkantay\/"},{"@type":"ListItem","position":2,"name":"Preguntas Frecuentes:"}]},{"@type":"WebSite","@id":"https:\/\/salkantayexpeditions.com\/#website","url":"https:\/\/salkantayexpeditions.com\/","name":"Salkantay Expeditions","description":"","publisher":{"@id":"https:\/\/salkantayexpeditions.com\/#organization"},"potentialAction":[{"@type":"SearchAction","target":{"@type":"EntryPoint","urlTemplate":"https:\/\/salkantayexpeditions.com\/?s={search_term_string}"},"query-input":{"@type":"PropertyValueSpecification","valueRequired":true,"valueName":"search_term_string"}}],"inLanguage":"es"},{"@type":"Organization","@id":"https:\/\/salkantayexpeditions.com\/#organization","name":"Salkantay Expeditions","url":"https:\/\/salkantayexpeditions.com\/","logo":{"@type":"ImageObject","inLanguage":"es","@id":"https:\/\/salkantayexpeditions.com\/#\/schema\/logo\/image\/","url":"https:\/\/salkantayexpeditions.com\/wp-content\/uploads\/2020\/03\/logo.png","contentUrl":"https:\/\/salkantayexpeditions.com\/wp-content\/uploads\/2020\/03\/logo.png","width":1221,"height":676,"caption":"Salkantay Expeditions"},"image":{"@id":"https:\/\/salkantayexpeditions.com\/#\/schema\/logo\/image\/"},"sameAs":["https:\/\/www.facebook.com\/profile.php?id=61576288937850"]}]}},"coauthors":[],"author_meta":{"author_link":"https:\/\/salkantayexpeditions.com\/es\/author\/041495e408952029bab104ac313e7217\/","display_name":"salkantayexp"},"relative_dates":{"created":"Publicado 6 a\u00f1os hace","modified":"Actualizado 4 a\u00f1os hace"},"absolute_dates":{"created":"Publicado el 18 de marzo de 2020","modified":"Actualizado el 19 de marzo de 2022"},"absolute_dates_time":{"created":"Publicado el 18 de marzo de 2020 21:46","modified":"Actualizado el 19 de marzo de 2022 03:34"},"featured_img_caption":"","featured_img":false,"series_order":"","_links":{"self":[{"href":"https:\/\/salkantayexpeditions.com\/es\/wp-json\/wp\/v2\/pages\/454","targetHints":{"allow":["GET"]}}],"collection":[{"href":"https:\/\/salkantayexpeditions.com\/es\/wp-json\/wp\/v2\/pages"}],"about":[{"href":"https:\/\/salkantayexpeditions.com\/es\/wp-json\/wp\/v2\/types\/page"}],"author":[{"embeddable":true,"href":"https:\/\/salkantayexpeditions.com\/es\/wp-json\/wp\/v2\/users\/1"}],"replies":[{"embeddable":true,"href":"https:\/\/salkantayexpeditions.com\/es\/wp-json\/wp\/v2\/comments?post=454"}],"version-history":[{"count":11,"href":"https:\/\/salkantayexpeditions.com\/es\/wp-json\/wp\/v2\/pages\/454\/revisions"}],"predecessor-version":[{"id":6011,"href":"https:\/\/salkantayexpeditions.com\/es\/wp-json\/wp\/v2\/pages\/454\/revisions\/6011"}],"wp:attachment":[{"href":"https:\/\/salkantayexpeditions.com\/es\/wp-json\/wp\/v2\/media?parent=454"}],"curies":[{"name":"wp","href":"https:\/\/api.w.org\/{rel}","templated":true}]}}