{"id":5837,"date":"2022-03-13T17:26:05","date_gmt":"2022-03-13T17:26:05","guid":{"rendered":"https:\/\/salkantayexpeditions.com\/?page_id=5837"},"modified":"2022-03-13T17:26:06","modified_gmt":"2022-03-13T17:26:06","slug":"metodos-de-pago","status":"publish","type":"page","link":"https:\/\/salkantayexpeditions.com\/es\/metodos-de-pago\/","title":{"rendered":"Metodos de Pago"},"content":{"rendered":"\n<p>Estimado turista: Si va reservando alg\u00fan tour tradicional, aventura o el Camino Inca, con Salkantay Expeditions, aqu\u00ed tenemos nuestras opciones de pago lo cual usted puede elegir para su mayor comodidad Si va reservar el camino inca tiene que estar seguro en la fecha de viaje y hacer clic en Disponibilidad del Camino Inca (no se aceptan cambios), aseg\u00farese de que el permiso tenga su nombre (solicite el c\u00f3digo de reserva Para todas las rutas alternas de senderismo, env\u00edanos un email o confirme la reserva online, para confirmar tu fecha de inicio, tenemos disponibilidad todos los d\u00edas: <a href=\"mailto:info@pachaexpeditions.com\">info@pachaexpeditions.com<\/a> \u00a0\/ <a href=\"mailto:reservas@pachaexpeditions.com\">reservas@pachaexpeditions.com<\/a><\/p>\n\n\n\n<p>Si desea viajar con Salkantay Expeditions, al momento de la reserva debe completar los formularios respectivos. Para la validez de su viaje, es necesario realizar un dep\u00f3sito del 50% del costo del tour para garantizar el espacio y poder comprar los diferentes tickets que se requiere, el monto del dep\u00f3sito es U$ .250 por persona. Y no son reembolsables, aceptamos pagos a trav\u00e9s de.<\/p>\n\n\n\n<p><strong><span class=\"has-inline-color has-luminous-vivid-orange-color\">1.- PAYPAL \u2013<\/span><\/strong> el banco cobra una comisi\u00f3n %, al total de dep\u00f3sito por persona. El pago se debe enviar a: <strong><a href=\"mailto:pachatusan05@hotmail.com\">pachatusan05@hotmail.com<\/a> <\/strong>. Le enviaremos su factura y confirmaci\u00f3n de la reserva una vez que recibamos el dep\u00f3sito con su informaci\u00f3n.<\/p>\n\n\n\n<p><span class=\"has-inline-color has-luminous-vivid-orange-color\"><strong>2.- TRANSFERENCIA BANCARIA &#8211;<\/strong> <\/span>Disponemos de esta forma de pago, tarjeta visa, la transferencia se puede realizar desde cualquier banco aqu\u00ed adjunto los datos de la cuenta.<\/p>\n\n\n\n<ul class=\"wp-block-list\"><li>N\u00famero de cuenta: Banco de Cr\u00e9dito del Per\u00fa: 285-25769720-1-85<\/li><li>Un nombre: Judith Lovaton Abarca.<\/li><li>C\u00f3digo SWIFT: BCPLPEPL.<\/li><\/ul>\n\n\n\n<p><span class=\"has-inline-color has-luminous-vivid-orange-color\"><strong>3.- WESTERN UNION<\/strong> &#8211; <\/span>Quick Cash envi\u00f3, si tiene problemas para realizar una transferencia bancaria, esta es la forma m\u00e1s r\u00e1pida de enviar dinero en todo el mundo, por lo tanto, puede reservar su tour sin ning\u00fan problema. Al momento de realizar el dep\u00f3sito usted recibir\u00e1 un c\u00f3digo con 10 n\u00fameros, Usted tiene que enviar el c\u00f3digo v\u00eda <span style=\"color:#23a80c\" class=\"has-inline-color\"><strong>WhatsApp: +51 984387050<\/strong><\/span> (para hacer el cobro respectivo y confirmar su reserva)<\/p>\n\n\n\n<p><strong>Dep\u00f3sito a nombre:<\/strong><\/p>\n\n\n\n<ul class=\"wp-block-list\"><li>Javier Mendoza Zarate:<\/li><li>DNI No. 24007215.<\/li><li>Oficina Cusco.<\/li><\/ul>\n\n\n\n<p><\/p>\n","protected":false},"excerpt":{"rendered":"<p>Estimado turista: Si va reservando alg\u00fan tour tradicional, aventura o el Camino Inca, con Salkantay Expeditions, aqu\u00ed tenemos nuestras opciones de pago lo cual usted puede elegir para su mayor comodidad Si va reservar el camino inca tiene que estar seguro en la fecha de viaje y hacer clic en Disponibilidad del Camino Inca (no [&hellip;]<\/p>\n","protected":false},"author":1,"featured_media":0,"parent":0,"menu_order":0,"comment_status":"closed","ping_status":"closed","template":"","meta":{"_acf_changed":false,"advgb_blocks_editor_width":"","advgb_blocks_columns_visual_guide":"","footnotes":""},"class_list":["post-5837","page","type-page","status-publish","hentry"],"acf":[],"yoast_head":"<!-- This site is optimized with the Yoast SEO plugin v27.6 - https:\/\/yoast.com\/product\/yoast-seo-wordpress\/ -->\n<title>Metodos de Pago - Salkantay Expeditions<\/title>\n<meta name=\"robots\" content=\"index, follow, max-snippet:-1, max-image-preview:large, max-video-preview:-1\" \/>\n<link rel=\"canonical\" href=\"https:\/\/salkantayexpeditions.com\/es\/metodos-de-pago\/\" \/>\n<meta property=\"og:locale\" content=\"es_ES\" \/>\n<meta property=\"og:type\" content=\"article\" \/>\n<meta property=\"og:title\" content=\"Metodos de Pago - Salkantay Expeditions\" \/>\n<meta property=\"og:description\" content=\"Estimado turista: Si va reservando alg\u00fan tour tradicional, aventura o el Camino Inca, con Salkantay Expeditions, aqu\u00ed tenemos nuestras opciones de pago lo cual usted puede elegir para su mayor comodidad Si va reservar el camino inca tiene que estar seguro en la fecha de viaje y hacer clic en Disponibilidad del Camino Inca (no [&hellip;]\" \/>\n<meta property=\"og:url\" content=\"https:\/\/salkantayexpeditions.com\/es\/metodos-de-pago\/\" \/>\n<meta property=\"og:site_name\" content=\"Salkantay Expeditions\" \/>\n<meta property=\"article:publisher\" content=\"https:\/\/www.facebook.com\/profile.php?id=61576288937850\" \/>\n<meta property=\"article:modified_time\" content=\"2022-03-13T17:26:06+00:00\" \/>\n<meta property=\"og:image\" content=\"https:\/\/salkantayexpeditions.com\/wp-content\/uploads\/2020\/03\/trek-salkacusco.jpg\" \/>\n\t<meta property=\"og:image:width\" content=\"426\" \/>\n\t<meta property=\"og:image:height\" content=\"332\" \/>\n\t<meta property=\"og:image:type\" content=\"image\/jpeg\" \/>\n<meta name=\"twitter:card\" content=\"summary_large_image\" \/>\n<meta name=\"twitter:label1\" content=\"Tiempo de lectura\" \/>\n\t<meta name=\"twitter:data1\" content=\"2 minutos\" \/>\n<script type=\"application\/ld+json\" class=\"yoast-schema-graph\">{\"@context\":\"https:\\\/\\\/schema.org\",\"@graph\":[{\"@type\":\"WebPage\",\"@id\":\"https:\\\/\\\/salkantayexpeditions.com\\\/es\\\/metodos-de-pago\\\/\",\"url\":\"https:\\\/\\\/salkantayexpeditions.com\\\/es\\\/metodos-de-pago\\\/\",\"name\":\"Metodos de Pago - Salkantay Expeditions\",\"isPartOf\":{\"@id\":\"https:\\\/\\\/salkantayexpeditions.com\\\/#website\"},\"datePublished\":\"2022-03-13T17:26:05+00:00\",\"dateModified\":\"2022-03-13T17:26:06+00:00\",\"breadcrumb\":{\"@id\":\"https:\\\/\\\/salkantayexpeditions.com\\\/es\\\/metodos-de-pago\\\/#breadcrumb\"},\"inLanguage\":\"es\",\"potentialAction\":[{\"@type\":\"ReadAction\",\"target\":[\"https:\\\/\\\/salkantayexpeditions.com\\\/es\\\/metodos-de-pago\\\/\"]}]},{\"@type\":\"BreadcrumbList\",\"@id\":\"https:\\\/\\\/salkantayexpeditions.com\\\/es\\\/metodos-de-pago\\\/#breadcrumb\",\"itemListElement\":[{\"@type\":\"ListItem\",\"position\":1,\"name\":\"\",\"item\":\"https:\\\/\\\/salkantayexpeditions.com\\\/camino-salkantay\\\/\"},{\"@type\":\"ListItem\",\"position\":2,\"name\":\"Metodos de Pago\"}]},{\"@type\":\"WebSite\",\"@id\":\"https:\\\/\\\/salkantayexpeditions.com\\\/#website\",\"url\":\"https:\\\/\\\/salkantayexpeditions.com\\\/\",\"name\":\"Salkantay Expeditions\",\"description\":\"\",\"publisher\":{\"@id\":\"https:\\\/\\\/salkantayexpeditions.com\\\/#organization\"},\"potentialAction\":[{\"@type\":\"SearchAction\",\"target\":{\"@type\":\"EntryPoint\",\"urlTemplate\":\"https:\\\/\\\/salkantayexpeditions.com\\\/?s={search_term_string}\"},\"query-input\":{\"@type\":\"PropertyValueSpecification\",\"valueRequired\":true,\"valueName\":\"search_term_string\"}}],\"inLanguage\":\"es\"},{\"@type\":\"Organization\",\"@id\":\"https:\\\/\\\/salkantayexpeditions.com\\\/#organization\",\"name\":\"Salkantay Expeditions\",\"url\":\"https:\\\/\\\/salkantayexpeditions.com\\\/\",\"logo\":{\"@type\":\"ImageObject\",\"inLanguage\":\"es\",\"@id\":\"https:\\\/\\\/salkantayexpeditions.com\\\/#\\\/schema\\\/logo\\\/image\\\/\",\"url\":\"https:\\\/\\\/salkantayexpeditions.com\\\/wp-content\\\/uploads\\\/2020\\\/03\\\/logo.png\",\"contentUrl\":\"https:\\\/\\\/salkantayexpeditions.com\\\/wp-content\\\/uploads\\\/2020\\\/03\\\/logo.png\",\"width\":1221,\"height\":676,\"caption\":\"Salkantay Expeditions\"},\"image\":{\"@id\":\"https:\\\/\\\/salkantayexpeditions.com\\\/#\\\/schema\\\/logo\\\/image\\\/\"},\"sameAs\":[\"https:\\\/\\\/www.facebook.com\\\/profile.php?id=61576288937850\"]}]}<\/script>\n<!-- \/ Yoast SEO plugin. -->","yoast_head_json":{"title":"Metodos de Pago - Salkantay Expeditions","robots":{"index":"index","follow":"follow","max-snippet":"max-snippet:-1","max-image-preview":"max-image-preview:large","max-video-preview":"max-video-preview:-1"},"canonical":"https:\/\/salkantayexpeditions.com\/es\/metodos-de-pago\/","og_locale":"es_ES","og_type":"article","og_title":"Metodos de Pago - Salkantay Expeditions","og_description":"Estimado turista: Si va reservando alg\u00fan tour tradicional, aventura o el Camino Inca, con Salkantay Expeditions, aqu\u00ed tenemos nuestras opciones de pago lo cual usted puede elegir para su mayor comodidad Si va reservar el camino inca tiene que estar seguro en la fecha de viaje y hacer clic en Disponibilidad del Camino Inca (no [&hellip;]","og_url":"https:\/\/salkantayexpeditions.com\/es\/metodos-de-pago\/","og_site_name":"Salkantay Expeditions","article_publisher":"https:\/\/www.facebook.com\/profile.php?id=61576288937850","article_modified_time":"2022-03-13T17:26:06+00:00","og_image":[{"width":426,"height":332,"url":"https:\/\/salkantayexpeditions.com\/wp-content\/uploads\/2020\/03\/trek-salkacusco.jpg","type":"image\/jpeg"}],"twitter_card":"summary_large_image","twitter_misc":{"Tiempo de lectura":"2 minutos"},"schema":{"@context":"https:\/\/schema.org","@graph":[{"@type":"WebPage","@id":"https:\/\/salkantayexpeditions.com\/es\/metodos-de-pago\/","url":"https:\/\/salkantayexpeditions.com\/es\/metodos-de-pago\/","name":"Metodos de Pago - Salkantay Expeditions","isPartOf":{"@id":"https:\/\/salkantayexpeditions.com\/#website"},"datePublished":"2022-03-13T17:26:05+00:00","dateModified":"2022-03-13T17:26:06+00:00","breadcrumb":{"@id":"https:\/\/salkantayexpeditions.com\/es\/metodos-de-pago\/#breadcrumb"},"inLanguage":"es","potentialAction":[{"@type":"ReadAction","target":["https:\/\/salkantayexpeditions.com\/es\/metodos-de-pago\/"]}]},{"@type":"BreadcrumbList","@id":"https:\/\/salkantayexpeditions.com\/es\/metodos-de-pago\/#breadcrumb","itemListElement":[{"@type":"ListItem","position":1,"name":"","item":"https:\/\/salkantayexpeditions.com\/camino-salkantay\/"},{"@type":"ListItem","position":2,"name":"Metodos de Pago"}]},{"@type":"WebSite","@id":"https:\/\/salkantayexpeditions.com\/#website","url":"https:\/\/salkantayexpeditions.com\/","name":"Salkantay Expeditions","description":"","publisher":{"@id":"https:\/\/salkantayexpeditions.com\/#organization"},"potentialAction":[{"@type":"SearchAction","target":{"@type":"EntryPoint","urlTemplate":"https:\/\/salkantayexpeditions.com\/?s={search_term_string}"},"query-input":{"@type":"PropertyValueSpecification","valueRequired":true,"valueName":"search_term_string"}}],"inLanguage":"es"},{"@type":"Organization","@id":"https:\/\/salkantayexpeditions.com\/#organization","name":"Salkantay Expeditions","url":"https:\/\/salkantayexpeditions.com\/","logo":{"@type":"ImageObject","inLanguage":"es","@id":"https:\/\/salkantayexpeditions.com\/#\/schema\/logo\/image\/","url":"https:\/\/salkantayexpeditions.com\/wp-content\/uploads\/2020\/03\/logo.png","contentUrl":"https:\/\/salkantayexpeditions.com\/wp-content\/uploads\/2020\/03\/logo.png","width":1221,"height":676,"caption":"Salkantay Expeditions"},"image":{"@id":"https:\/\/salkantayexpeditions.com\/#\/schema\/logo\/image\/"},"sameAs":["https:\/\/www.facebook.com\/profile.php?id=61576288937850"]}]}},"coauthors":[],"author_meta":{"author_link":"https:\/\/salkantayexpeditions.com\/es\/author\/041495e408952029bab104ac313e7217\/","display_name":"salkantayexp"},"relative_dates":{"created":"Publicado 4 a\u00f1os hace","modified":"Actualizado 4 a\u00f1os hace"},"absolute_dates":{"created":"Publicado el 13 de marzo de 2022","modified":"Actualizado el 13 de marzo de 2022"},"absolute_dates_time":{"created":"Publicado el 13 de marzo de 2022 17:26","modified":"Actualizado el 13 de marzo de 2022 17:26"},"featured_img_caption":"","featured_img":false,"series_order":"","_links":{"self":[{"href":"https:\/\/salkantayexpeditions.com\/es\/wp-json\/wp\/v2\/pages\/5837","targetHints":{"allow":["GET"]}}],"collection":[{"href":"https:\/\/salkantayexpeditions.com\/es\/wp-json\/wp\/v2\/pages"}],"about":[{"href":"https:\/\/salkantayexpeditions.com\/es\/wp-json\/wp\/v2\/types\/page"}],"author":[{"embeddable":true,"href":"https:\/\/salkantayexpeditions.com\/es\/wp-json\/wp\/v2\/users\/1"}],"replies":[{"embeddable":true,"href":"https:\/\/salkantayexpeditions.com\/es\/wp-json\/wp\/v2\/comments?post=5837"}],"version-history":[{"count":1,"href":"https:\/\/salkantayexpeditions.com\/es\/wp-json\/wp\/v2\/pages\/5837\/revisions"}],"predecessor-version":[{"id":5838,"href":"https:\/\/salkantayexpeditions.com\/es\/wp-json\/wp\/v2\/pages\/5837\/revisions\/5838"}],"wp:attachment":[{"href":"https:\/\/salkantayexpeditions.com\/es\/wp-json\/wp\/v2\/media?parent=5837"}],"curies":[{"name":"wp","href":"https:\/\/api.w.org\/{rel}","templated":true}]}}