{"id":5846,"date":"2022-03-13T18:26:59","date_gmt":"2022-03-13T18:26:59","guid":{"rendered":"https:\/\/salkantayexpeditions.com\/?page_id=5846"},"modified":"2022-03-13T18:27:00","modified_gmt":"2022-03-13T18:27:00","slug":"disponibilidad-montana-wayna-picchu","status":"publish","type":"page","link":"https:\/\/salkantayexpeditions.com\/es\/disponibilidad-montana-wayna-picchu\/","title":{"rendered":"Disponibilidad Monta\u00f1a Wayna Picchu."},"content":{"rendered":"\n<p>Machu Picchu: Observar la ciudad desde lo m\u00e1s alto es m\u00e1s hermoso. No importa c\u00f3mo llegues a Machu Picchu: por Tren, Camino Inca o un viaje alternativo, ver la ciudad de Machu Picchu es impresionante, pero verlo desde arriba es mucho m\u00e1s. Hay 2 formas populares para conseguir estas vistas, la monta\u00f1a de Machu Picchu o Wayna picchu, siendo la \u00faltima el m\u00e1s popular y m\u00e1s solicitado.<\/p>\n\n\n\n<p>Para realizar el ascenso a una de estas monta\u00f1as usted necesita de un boleto extra el cual se tiene que comprar con mucha anticipaci\u00f3n ya que hay poca disponibilidad de espacios y mucha gente que quiere visitar estos lugares.<\/p>\n\n\n\n<h2 class=\"wp-block-heading\">DETALLE DE LOS HORARIOS Y DISPONIBILIDAD.<\/h2>\n\n\n\n<p>Si usted hace una ruta alterna al camino inca el costo del boleto es de $.25 d\u00f3lares, pero se tiene que comprar junto con el ingreso de Machu Picchu+ Waynapicchu o Machu Picchu + Monta\u00f1a.<\/p>\n\n\n\n<ul class=\"wp-block-list\"><li><span style=\"color:#3a990e\" class=\"has-inline-color\"><strong>Ingreso a Machu Picchu + Wayna picchu = Disponible<\/strong><\/span><\/li><li><span style=\"color:#3a990e\" class=\"has-inline-color\"><strong>Ingreso a Machu Picchu + Monta\u00f1a = Disponible<\/strong><\/span><\/li><\/ul>\n\n\n\n<p>Si usted hace el camino inca el costo del ingreso es de U$.50 d\u00f3lares, no es posible comprar el boleto de camino inca con estas 2 alternativas, necesariamente se tiene que comprar otro boleto de ingreso a Machu Picchu con Wayna picchu o Machu Picchu monta\u00f1a.<\/p>\n\n\n\n<ul class=\"wp-block-list\"><li><span class=\"has-inline-color has-vivid-red-color\"><strong>Ingreso a camino inca + Wayna Picchu = no disponible<\/strong>.<\/span><\/li><li><span style=\"color:#34bf12\" class=\"has-inline-color\"><strong>Ingreso a Machu Picchu + Wayna Picchu= disponible.<\/strong><\/span><\/li><\/ul>\n\n\n\n<p>Tambi\u00e9n se tiene otra opci\u00f3n si usted no alcanzo a comprar uno de estos boletos, puede subir a la puerta del sol o caminar hacia el puente inca son lugares totalmente gratis, donde las vistas panor\u00e1micas son espectaculares.<\/p>\n\n\n\n<p><strong>No necesita ning\u00fan tipo de boleto= disponible.<\/strong><\/p>\n","protected":false},"excerpt":{"rendered":"<p>Machu Picchu: Observar la ciudad desde lo m\u00e1s alto es m\u00e1s hermoso. No importa c\u00f3mo llegues a Machu Picchu: por Tren, Camino Inca o un viaje alternativo, ver la ciudad de Machu Picchu es impresionante, pero verlo desde arriba es mucho m\u00e1s. Hay 2 formas populares para conseguir estas vistas, la monta\u00f1a de Machu Picchu [&hellip;]<\/p>\n","protected":false},"author":1,"featured_media":0,"parent":0,"menu_order":0,"comment_status":"closed","ping_status":"closed","template":"","meta":{"_acf_changed":false,"advgb_blocks_editor_width":"","advgb_blocks_columns_visual_guide":"","footnotes":""},"class_list":["post-5846","page","type-page","status-publish","hentry"],"acf":[],"yoast_head":"<!-- This site is optimized with the Yoast SEO plugin v27.6 - https:\/\/yoast.com\/product\/yoast-seo-wordpress\/ -->\n<title>Disponibilidad Monta\u00f1a Wayna Picchu. - Salkantay Expeditions<\/title>\n<meta name=\"robots\" content=\"index, follow, max-snippet:-1, max-image-preview:large, max-video-preview:-1\" \/>\n<link rel=\"canonical\" href=\"https:\/\/salkantayexpeditions.com\/es\/disponibilidad-montana-wayna-picchu\/\" \/>\n<meta property=\"og:locale\" content=\"es_ES\" \/>\n<meta property=\"og:type\" content=\"article\" \/>\n<meta property=\"og:title\" content=\"Disponibilidad Monta\u00f1a Wayna Picchu. - Salkantay Expeditions\" \/>\n<meta property=\"og:description\" content=\"Machu Picchu: Observar la ciudad desde lo m\u00e1s alto es m\u00e1s hermoso. No importa c\u00f3mo llegues a Machu Picchu: por Tren, Camino Inca o un viaje alternativo, ver la ciudad de Machu Picchu es impresionante, pero verlo desde arriba es mucho m\u00e1s. Hay 2 formas populares para conseguir estas vistas, la monta\u00f1a de Machu Picchu [&hellip;]\" \/>\n<meta property=\"og:url\" content=\"https:\/\/salkantayexpeditions.com\/es\/disponibilidad-montana-wayna-picchu\/\" \/>\n<meta property=\"og:site_name\" content=\"Salkantay Expeditions\" \/>\n<meta property=\"article:publisher\" content=\"https:\/\/www.facebook.com\/profile.php?id=61576288937850\" \/>\n<meta property=\"article:modified_time\" content=\"2022-03-13T18:27:00+00:00\" \/>\n<meta property=\"og:image\" content=\"https:\/\/salkantayexpeditions.com\/wp-content\/uploads\/2020\/03\/trek-salkacusco.jpg\" \/>\n\t<meta property=\"og:image:width\" content=\"426\" \/>\n\t<meta property=\"og:image:height\" content=\"332\" \/>\n\t<meta property=\"og:image:type\" content=\"image\/jpeg\" \/>\n<meta name=\"twitter:card\" content=\"summary_large_image\" \/>\n<meta name=\"twitter:label1\" content=\"Tiempo de lectura\" \/>\n\t<meta name=\"twitter:data1\" content=\"2 minutos\" \/>\n<script type=\"application\/ld+json\" class=\"yoast-schema-graph\">{\"@context\":\"https:\\\/\\\/schema.org\",\"@graph\":[{\"@type\":\"WebPage\",\"@id\":\"https:\\\/\\\/salkantayexpeditions.com\\\/es\\\/disponibilidad-montana-wayna-picchu\\\/\",\"url\":\"https:\\\/\\\/salkantayexpeditions.com\\\/es\\\/disponibilidad-montana-wayna-picchu\\\/\",\"name\":\"Disponibilidad Monta\u00f1a Wayna Picchu. - Salkantay Expeditions\",\"isPartOf\":{\"@id\":\"https:\\\/\\\/salkantayexpeditions.com\\\/#website\"},\"datePublished\":\"2022-03-13T18:26:59+00:00\",\"dateModified\":\"2022-03-13T18:27:00+00:00\",\"breadcrumb\":{\"@id\":\"https:\\\/\\\/salkantayexpeditions.com\\\/es\\\/disponibilidad-montana-wayna-picchu\\\/#breadcrumb\"},\"inLanguage\":\"es\",\"potentialAction\":[{\"@type\":\"ReadAction\",\"target\":[\"https:\\\/\\\/salkantayexpeditions.com\\\/es\\\/disponibilidad-montana-wayna-picchu\\\/\"]}]},{\"@type\":\"BreadcrumbList\",\"@id\":\"https:\\\/\\\/salkantayexpeditions.com\\\/es\\\/disponibilidad-montana-wayna-picchu\\\/#breadcrumb\",\"itemListElement\":[{\"@type\":\"ListItem\",\"position\":1,\"name\":\"\",\"item\":\"https:\\\/\\\/salkantayexpeditions.com\\\/camino-salkantay\\\/\"},{\"@type\":\"ListItem\",\"position\":2,\"name\":\"Disponibilidad Monta\u00f1a Wayna Picchu.\"}]},{\"@type\":\"WebSite\",\"@id\":\"https:\\\/\\\/salkantayexpeditions.com\\\/#website\",\"url\":\"https:\\\/\\\/salkantayexpeditions.com\\\/\",\"name\":\"Salkantay Expeditions\",\"description\":\"\",\"publisher\":{\"@id\":\"https:\\\/\\\/salkantayexpeditions.com\\\/#organization\"},\"potentialAction\":[{\"@type\":\"SearchAction\",\"target\":{\"@type\":\"EntryPoint\",\"urlTemplate\":\"https:\\\/\\\/salkantayexpeditions.com\\\/?s={search_term_string}\"},\"query-input\":{\"@type\":\"PropertyValueSpecification\",\"valueRequired\":true,\"valueName\":\"search_term_string\"}}],\"inLanguage\":\"es\"},{\"@type\":\"Organization\",\"@id\":\"https:\\\/\\\/salkantayexpeditions.com\\\/#organization\",\"name\":\"Salkantay Expeditions\",\"url\":\"https:\\\/\\\/salkantayexpeditions.com\\\/\",\"logo\":{\"@type\":\"ImageObject\",\"inLanguage\":\"es\",\"@id\":\"https:\\\/\\\/salkantayexpeditions.com\\\/#\\\/schema\\\/logo\\\/image\\\/\",\"url\":\"https:\\\/\\\/salkantayexpeditions.com\\\/wp-content\\\/uploads\\\/2020\\\/03\\\/logo.png\",\"contentUrl\":\"https:\\\/\\\/salkantayexpeditions.com\\\/wp-content\\\/uploads\\\/2020\\\/03\\\/logo.png\",\"width\":1221,\"height\":676,\"caption\":\"Salkantay Expeditions\"},\"image\":{\"@id\":\"https:\\\/\\\/salkantayexpeditions.com\\\/#\\\/schema\\\/logo\\\/image\\\/\"},\"sameAs\":[\"https:\\\/\\\/www.facebook.com\\\/profile.php?id=61576288937850\"]}]}<\/script>\n<!-- \/ Yoast SEO plugin. -->","yoast_head_json":{"title":"Disponibilidad Monta\u00f1a Wayna Picchu. - Salkantay Expeditions","robots":{"index":"index","follow":"follow","max-snippet":"max-snippet:-1","max-image-preview":"max-image-preview:large","max-video-preview":"max-video-preview:-1"},"canonical":"https:\/\/salkantayexpeditions.com\/es\/disponibilidad-montana-wayna-picchu\/","og_locale":"es_ES","og_type":"article","og_title":"Disponibilidad Monta\u00f1a Wayna Picchu. - Salkantay Expeditions","og_description":"Machu Picchu: Observar la ciudad desde lo m\u00e1s alto es m\u00e1s hermoso. No importa c\u00f3mo llegues a Machu Picchu: por Tren, Camino Inca o un viaje alternativo, ver la ciudad de Machu Picchu es impresionante, pero verlo desde arriba es mucho m\u00e1s. Hay 2 formas populares para conseguir estas vistas, la monta\u00f1a de Machu Picchu [&hellip;]","og_url":"https:\/\/salkantayexpeditions.com\/es\/disponibilidad-montana-wayna-picchu\/","og_site_name":"Salkantay Expeditions","article_publisher":"https:\/\/www.facebook.com\/profile.php?id=61576288937850","article_modified_time":"2022-03-13T18:27:00+00:00","og_image":[{"width":426,"height":332,"url":"https:\/\/salkantayexpeditions.com\/wp-content\/uploads\/2020\/03\/trek-salkacusco.jpg","type":"image\/jpeg"}],"twitter_card":"summary_large_image","twitter_misc":{"Tiempo de lectura":"2 minutos"},"schema":{"@context":"https:\/\/schema.org","@graph":[{"@type":"WebPage","@id":"https:\/\/salkantayexpeditions.com\/es\/disponibilidad-montana-wayna-picchu\/","url":"https:\/\/salkantayexpeditions.com\/es\/disponibilidad-montana-wayna-picchu\/","name":"Disponibilidad Monta\u00f1a Wayna Picchu. - Salkantay Expeditions","isPartOf":{"@id":"https:\/\/salkantayexpeditions.com\/#website"},"datePublished":"2022-03-13T18:26:59+00:00","dateModified":"2022-03-13T18:27:00+00:00","breadcrumb":{"@id":"https:\/\/salkantayexpeditions.com\/es\/disponibilidad-montana-wayna-picchu\/#breadcrumb"},"inLanguage":"es","potentialAction":[{"@type":"ReadAction","target":["https:\/\/salkantayexpeditions.com\/es\/disponibilidad-montana-wayna-picchu\/"]}]},{"@type":"BreadcrumbList","@id":"https:\/\/salkantayexpeditions.com\/es\/disponibilidad-montana-wayna-picchu\/#breadcrumb","itemListElement":[{"@type":"ListItem","position":1,"name":"","item":"https:\/\/salkantayexpeditions.com\/camino-salkantay\/"},{"@type":"ListItem","position":2,"name":"Disponibilidad Monta\u00f1a Wayna Picchu."}]},{"@type":"WebSite","@id":"https:\/\/salkantayexpeditions.com\/#website","url":"https:\/\/salkantayexpeditions.com\/","name":"Salkantay Expeditions","description":"","publisher":{"@id":"https:\/\/salkantayexpeditions.com\/#organization"},"potentialAction":[{"@type":"SearchAction","target":{"@type":"EntryPoint","urlTemplate":"https:\/\/salkantayexpeditions.com\/?s={search_term_string}"},"query-input":{"@type":"PropertyValueSpecification","valueRequired":true,"valueName":"search_term_string"}}],"inLanguage":"es"},{"@type":"Organization","@id":"https:\/\/salkantayexpeditions.com\/#organization","name":"Salkantay Expeditions","url":"https:\/\/salkantayexpeditions.com\/","logo":{"@type":"ImageObject","inLanguage":"es","@id":"https:\/\/salkantayexpeditions.com\/#\/schema\/logo\/image\/","url":"https:\/\/salkantayexpeditions.com\/wp-content\/uploads\/2020\/03\/logo.png","contentUrl":"https:\/\/salkantayexpeditions.com\/wp-content\/uploads\/2020\/03\/logo.png","width":1221,"height":676,"caption":"Salkantay Expeditions"},"image":{"@id":"https:\/\/salkantayexpeditions.com\/#\/schema\/logo\/image\/"},"sameAs":["https:\/\/www.facebook.com\/profile.php?id=61576288937850"]}]}},"coauthors":[],"author_meta":{"author_link":"https:\/\/salkantayexpeditions.com\/es\/author\/041495e408952029bab104ac313e7217\/","display_name":"salkantayexp"},"relative_dates":{"created":"Publicado 4 a\u00f1os hace","modified":"Actualizado 4 a\u00f1os hace"},"absolute_dates":{"created":"Publicado el 13 de marzo de 2022","modified":"Actualizado el 13 de marzo de 2022"},"absolute_dates_time":{"created":"Publicado el 13 de marzo de 2022 18:26","modified":"Actualizado el 13 de marzo de 2022 18:27"},"featured_img_caption":"","featured_img":false,"series_order":"","_links":{"self":[{"href":"https:\/\/salkantayexpeditions.com\/es\/wp-json\/wp\/v2\/pages\/5846","targetHints":{"allow":["GET"]}}],"collection":[{"href":"https:\/\/salkantayexpeditions.com\/es\/wp-json\/wp\/v2\/pages"}],"about":[{"href":"https:\/\/salkantayexpeditions.com\/es\/wp-json\/wp\/v2\/types\/page"}],"author":[{"embeddable":true,"href":"https:\/\/salkantayexpeditions.com\/es\/wp-json\/wp\/v2\/users\/1"}],"replies":[{"embeddable":true,"href":"https:\/\/salkantayexpeditions.com\/es\/wp-json\/wp\/v2\/comments?post=5846"}],"version-history":[{"count":1,"href":"https:\/\/salkantayexpeditions.com\/es\/wp-json\/wp\/v2\/pages\/5846\/revisions"}],"predecessor-version":[{"id":5847,"href":"https:\/\/salkantayexpeditions.com\/es\/wp-json\/wp\/v2\/pages\/5846\/revisions\/5847"}],"wp:attachment":[{"href":"https:\/\/salkantayexpeditions.com\/es\/wp-json\/wp\/v2\/media?parent=5846"}],"curies":[{"name":"wp","href":"https:\/\/api.w.org\/{rel}","templated":true}]}}